{"id":13,"date":"2021-12-15T09:09:27","date_gmt":"2021-12-15T09:09:27","guid":{"rendered":"https:\/\/startersites.io\/blocksy\/garderobe\/?page_id=13"},"modified":"2026-01-09T16:36:02","modified_gmt":"2026-01-09T21:36:02","slug":"contactos","status":"publish","type":"page","link":"https:\/\/jpdigital.com.ec\/index.php\/contactos\/","title":{"rendered":"Contactos"},"content":{"rendered":"\n<div class=\"wp-block-stackable-spacer stk-block-spacer stk--no-padding stk-block stk-be36acf\" data-block-id=\"be36acf\"><style>.stk-be36acf {height:50px !important;}<\/style><\/div>\n\n\n\n<div class=\"wp-block-stackable-heading stk-block-heading stk-block-heading--v2 stk-block stk-382354b\" id=\"strong-span-style-color-0-f-0-e-17-class-stk-highlight-estamos-aqui-para-ayudarte-a-potenciar-tu-negocio-de-impresion-digital-textil-publicitario-y-de-comunicacion-visual-span-strong\" data-block-id=\"382354b\"><style>.stk-382354b .stk-block-heading__text{font-size:18px !important;color:#000000 !important;font-family:\"Libre Caslon Text\", Sans-serif !important;}@media screen and (max-width:999px){.stk-382354b .stk-block-heading__text{font-size:18px !important;}}<\/style><h2 class=\"stk-block-heading__text has-text-color has-text-align-center\"><strong><span style=\"color: #0f0e17;\" class=\"stk-highlight\">Estamos aqu\u00ed para ayudarte a potenciar tu negocio de impresi\u00f3n digital, textil, publicitario y de comunicaci\u00f3n visual.<\/span><\/strong><\/h2><\/div>\n\n\n\n<div class=\"wp-block-stackable-text stk-block-text stk-block stk-dcc9a9f\" data-block-id=\"dcc9a9f\"><style>.stk-dcc9a9f {margin-bottom:100px !important;}.stk-dcc9a9f .stk-block-text__text{font-size:12px !important;color:#0f0e17 !important;font-family:\"Libre Caslon Text\", Sans-serif !important;}@media screen and (max-width:999px){.stk-dcc9a9f .stk-block-text__text{font-size:12px !important;}}<\/style><p class=\"stk-block-text__text has-text-color\"><span style=\"color: #0f0e17;\" class=\"stk-highlight\">En<strong> JP Digital<\/strong>, el <strong>distribuidor autorizado de Epson en Ecuador<\/strong>, estamos listos para brindarte <strong>asesor\u00eda especializada, soporte t\u00e9cnico certificado y atenci\u00f3n comercial personalizada.<\/strong> Cont\u00e1ctanos para <strong>informaci\u00f3n sobre productos, insumos, impresoras, planchas, calandras,<\/strong> o para agendar d<strong>emostraciones y capacitaciones.<\/strong><\/span><\/p><\/div>\n\n\n\n<div class=\"wp-block-stackable-columns stk-block-columns stk-block stk-25acfd9\" data-block-id=\"25acfd9\"><style>.stk-25acfd9 {margin-bottom:50px !important;}.stk-25acfd9-column{--stk-column-gap:50px !important;row-gap:50px !important;}<\/style><div class=\"stk-row stk-inner-blocks stk-block-content stk-content-align stk-25acfd9-column\">\n<div class=\"wp-block-stackable-column stk-block-column stk-column stk-block stk-4f39026 stk-block-background\" data-v=\"4\" data-block-id=\"4f39026\"><style>.stk-4f39026-container{margin-top:0px !important;margin-right:0px !important;margin-bottom:0px !important;margin-left:0px !important;}.stk-4f39026 {background-color:#000000d4 !important;padding-top:0px !important;padding-right:0px !important;padding-bottom:0px !important;padding-left:0px !important;overflow:visible !important;}.stk-4f39026:before{background-color:#000000d4 !important;}.stk-4f39026 .stk-container{overflow:visible !important;}@media screen and (min-width:690px) and (max-width:999px){.stk-4f39026 {flex:var(--stk-flex-grow, 1) 1 calc(100% - var(--stk-column-gap, 0px) * 0 \/ 1 ) !important;}}@media screen and (max-width:999px){.stk-4f39026-container{max-width:400px !important;min-width:auto !important;margin-right:auto !important;margin-left:auto !important;}}<\/style><div class=\"stk-column-wrapper stk-block-column__content stk-container stk-4f39026-container stk--no-background stk--no-padding\"><div class=\"stk-block-content stk-inner-blocks stk-4f39026-inner-blocks\">\n<div class=\"wp-block-stackable-image stk-block-image stk-block stk-aab377d\" data-block-id=\"aab377d\"><style>.stk-aab377d {margin-top:-50px !important;}.stk-aab377d .stk-img-wrapper{width:90% !important;height:750px !important;}@media screen and (max-width:999px){.stk-aab377d .stk-img-wrapper{width:100% !important;height:500px !important;}.stk-aab377d .stk-img-wrapper img{object-position:47% 1% !important;}}<\/style><figure><span class=\"stk-img-wrapper stk-image--shape-stretch\"><img fetchpriority=\"high\" decoding=\"async\" class=\"stk-img wp-image-3653\" src=\"https:\/\/jpdigital.com.ec\/wp-content\/uploads\/2025\/10\/contact2.png\" width=\"864\" height=\"1152\" srcset=\"https:\/\/jpdigital.com.ec\/wp-content\/uploads\/2025\/10\/contact2.png 864w, https:\/\/jpdigital.com.ec\/wp-content\/uploads\/2025\/10\/contact2-225x300.png 225w, https:\/\/jpdigital.com.ec\/wp-content\/uploads\/2025\/10\/contact2-768x1024.png 768w, https:\/\/jpdigital.com.ec\/wp-content\/uploads\/2025\/10\/contact2-300x400.png 300w, https:\/\/jpdigital.com.ec\/wp-content\/uploads\/2025\/10\/contact2-600x800.png 600w\" sizes=\"(max-width: 864px) 100vw, 864px\" \/><\/span><\/figure><\/div>\n<\/div><\/div><\/div>\n\n\n\n<div class=\"wp-block-stackable-column stk-block-column stk-column stk-block stk-290ec13\" data-v=\"4\" data-block-id=\"290ec13\"><style>.stk-290ec13-container{margin-top:0px !important;margin-right:0px !important;margin-bottom:0px !important;margin-left:0px !important;}.stk-290ec13 {align-self:flex-end !important;}@media screen and (min-width:690px) and (max-width:999px){.stk-290ec13 {flex:var(--stk-flex-grow, 1) 1 calc(100% - var(--stk-column-gap, 0px) * 0 \/ 1 ) !important;}}<\/style><div class=\"stk-column-wrapper stk-block-column__content stk-container stk-290ec13-container stk--no-background stk--no-padding\"><div class=\"stk-block-content stk-inner-blocks stk-290ec13-inner-blocks\">\n<div class=\"wp-block-stackable-heading stk-block-heading stk-block-heading--v2 stk-block stk-e0c4eb8\" id=\"br-strong-contacta-con-nosotros-strong\" data-block-id=\"e0c4eb8\"><style>.stk-e0c4eb8 {margin-bottom:50px !important;}.stk-e0c4eb8 .stk-block-heading__text{font-size:16px !important;font-family:\"Libre Caslon Text\", Sans-serif !important;}@media screen and (max-width:999px){.stk-e0c4eb8 {margin-bottom:15px !important;}.stk-e0c4eb8 .stk-block-heading__text{font-size:30px !important;}}<\/style><h3 class=\"stk-block-heading__text stk-block-heading--use-theme-margins\"><br><strong>Contacta con nosotros<\/strong><\/h3><\/div>\n\n\n<div class=\"wpforms-container wpforms-block wpforms-block-9379ad44-8997-409e-b686-b1214361caf3 wpforms-render-modern\" id=\"wpforms-156\"><form id=\"wpforms-form-156\" class=\"wpforms-validate wpforms-form\" data-formid=\"156\" method=\"post\" enctype=\"multipart\/form-data\" action=\"\/index.php\/wp-json\/wp\/v2\/pages\/13\" data-token=\"217f6c54c295435f83a2d30f888860c7\" data-token-time=\"1776249426\"><noscript class=\"wpforms-error-noscript\">Por favor, activa JavaScript en tu navegador para completar este formulario.<\/noscript><div id=\"wpforms-error-noscript\" style=\"display: none;\">Por favor, activa JavaScript en tu navegador para completar este formulario.<\/div><div class=\"wpforms-field-container\"><div id=\"wpforms-156-field_0-container\" class=\"wpforms-field wpforms-field-name\" data-field-id=\"0\"><fieldset><legend class=\"wpforms-field-label\">Nombre completo: <span class=\"wpforms-required-label\" aria-hidden=\"true\">*<\/span><\/legend><div class=\"wpforms-field-row wpforms-field-large\"><div class=\"wpforms-field-row-block wpforms-first wpforms-one-half\"><input type=\"text\" id=\"wpforms-156-field_0\" class=\"wpforms-field-name-first wpforms-field-required\" name=\"wpforms[fields][0][first]\" aria-errormessage=\"wpforms-156-field_0-error\" required><label for=\"wpforms-156-field_0\" class=\"wpforms-field-sublabel after\">Nombre<\/label><\/div><div class=\"wpforms-field-row-block wpforms-one-half\"><input type=\"text\" id=\"wpforms-156-field_0-last\" class=\"wpforms-field-name-last wpforms-field-required\" name=\"wpforms[fields][0][last]\" aria-errormessage=\"wpforms-156-field_0-last-error\" required><label for=\"wpforms-156-field_0-last\" class=\"wpforms-field-sublabel after\">Apellidos<\/label><\/div><\/div><\/fieldset><\/div><div id=\"wpforms-156-field_1-container\" class=\"wpforms-field wpforms-field-email\" data-field-id=\"1\"><label class=\"wpforms-field-label\" for=\"wpforms-156-field_1\">Correo electronico: <span class=\"wpforms-required-label\" aria-hidden=\"true\">*<\/span><\/label><input type=\"email\" id=\"wpforms-156-field_1\" class=\"wpforms-field-large wpforms-field-required\" name=\"wpforms[fields][1]\" spellcheck=\"false\" aria-errormessage=\"wpforms-156-field_1-error\" required><\/div><div id=\"wpforms-156-field_4-container\" class=\"wpforms-field wpforms-field-text\" data-field-id=\"4\"><label class=\"wpforms-field-label\" for=\"wpforms-156-field_4\">Telefono: <span class=\"wpforms-required-label\" aria-hidden=\"true\">*<\/span><\/label><input type=\"text\" id=\"wpforms-156-field_4\" class=\"wpforms-field-large wpforms-field-required\" name=\"wpforms[fields][4]\" aria-errormessage=\"wpforms-156-field_4-error\" required><\/div><div id=\"wpforms-156-field_5-container\" class=\"wpforms-field wpforms-field-select wpforms-field-select-style-classic\" data-field-id=\"5\"><label class=\"wpforms-field-label\" for=\"wpforms-156-field_5\">Sucursal de inter\u00e9s: <\/label><select id=\"wpforms-156-field_5\" class=\"wpforms-field-medium\" name=\"wpforms[fields][5]\"><option value=\"Quito (matriz)\"  class=\"choice-1 depth-1\"  >Quito (matriz)<\/option><option value=\"Guayaquil\"  class=\"choice-2 depth-1\"  >Guayaquil<\/option><option value=\"Cuenca\"  class=\"choice-3 depth-1\"  >Cuenca<\/option><option value=\"Santo Domingo\"  class=\"choice-4 depth-1\"  >Santo Domingo<\/option><option value=\"Latacunga\"  class=\"choice-5 depth-1\"  >Latacunga<\/option><option value=\"Atuntaqui\"  class=\"choice-6 depth-1\"  >Atuntaqui<\/option><\/select><\/div><div id=\"wpforms-156-field_2-container\" class=\"wpforms-field wpforms-field-textarea\" data-field-id=\"2\"><label class=\"wpforms-field-label\" for=\"wpforms-156-field_2\">Mensaje\/Consulta <span class=\"wpforms-required-label\" aria-hidden=\"true\">*<\/span><\/label><textarea id=\"wpforms-156-field_2\" class=\"wpforms-field-medium wpforms-field-required\" name=\"wpforms[fields][2]\" aria-errormessage=\"wpforms-156-field_2-error\" required><\/textarea><\/div><\/div><!-- .wpforms-field-container --><div class=\"wpforms-submit-container\" ><input type=\"hidden\" name=\"wpforms[id]\" value=\"156\"><input type=\"hidden\" name=\"page_title\" value=\"\"><input type=\"hidden\" name=\"page_url\" value=\"https:\/\/jpdigital.com.ec\/index.php\/wp-json\/wp\/v2\/pages\/13\"><input type=\"hidden\" name=\"url_referer\" value=\"\"><button type=\"submit\" name=\"wpforms[submit]\" id=\"wpforms-submit-156\" class=\"wpforms-submit\" data-alt-text=\" Enviando...\" data-submit-text=\"Enviar mensaje\" aria-live=\"assertive\" value=\"wpforms-submit\">Enviar mensaje<\/button><\/div><\/form><\/div>  <!-- .wpforms-container --><\/div><\/div><\/div>\n<\/div><\/div>\n\n\n\n<div class=\"wp-block-stackable-heading stk-block-heading stk-block-heading--v2 stk-block stk-f482705\" id=\"strong-cobertura-nacional-con-6-sucursales-estrategicas-strong\" data-block-id=\"f482705\"><style>.stk-f482705 {margin-bottom:30px !important;}.stk-f482705 .stk-block-heading__text{font-size:16px !important;color:var(--theme-palette-color-4, #131117) !important;font-family:\"Libre Caslon Text\", Sans-serif !important;}@media screen and (max-width:999px){.stk-f482705 .stk-block-heading__text{font-size:30px !important;}}<\/style><h3 class=\"stk-block-heading__text has-text-color has-palette-color-8-color has-text-align-center stk-block-heading--use-theme-margins\"><strong>Cobertura nacional con 6 sucursales estrat\u00e9gicas <\/strong><\/h3><\/div>\n\n\n\n<div class=\"wp-block-stackable-text stk-block-text stk-block stk-6934628\" data-block-id=\"6934628\"><style>.stk-6934628 {margin-bottom:30px !important;}.stk-6934628 .stk-block-text__text{font-size:14px !important;font-family:\"Libre Caslon Text\", Sans-serif !important;}@media screen and (max-width:999px){.stk-6934628 .stk-block-text__text{font-size:14px !important;}}<\/style><p class=\"stk-block-text__text\"><span style=\"color: #000000;\" class=\"stk-highlight\">Cada sucursal ofrece soporte t\u00e9cnico, capacitaci\u00f3n y venta de impresoras, insumos, impresoras y planchas y calandras, asegurando atenci\u00f3n profesional y cercana en todo Ecuador<\/span><\/p><\/div>\n\n\n\n<div class=\"wp-block-stackable-columns stk-block-columns stk-block stk-d7c5b7f stk-block-background\" data-block-id=\"d7c5b7f\"><style>.stk-d7c5b7f {align-items:center !important;margin-bottom:10px !important;display:flex !important;}<\/style><div class=\"stk-row stk-inner-blocks stk-block-content stk-content-align stk-d7c5b7f-column\">\n<div class=\"wp-block-stackable-column stk-block-column stk-column stk-block stk-56d70d9\" data-v=\"4\" data-block-id=\"56d70d9\"><style>.stk-56d70d9 {align-items:center !important;display:flex !important;}<\/style><div class=\"stk-column-wrapper stk-block-column__content stk-container stk-56d70d9-container stk--no-background stk--no-padding\"><div class=\"stk-block-content stk-inner-blocks stk-56d70d9-inner-blocks\">\n<div class=\"wp-block-stackable-text stk-block-text stk-block stk-976b8f2\" data-block-id=\"976b8f2\"><style>.stk-976b8f2 .stk-block-text__text{font-size:12px !important;font-family:\"Libre Caslon Text\", Sans-serif !important;}@media screen and (max-width:999px){.stk-976b8f2 .stk-block-text__text{font-size:12px !important;}}<\/style><p class=\"stk-block-text__text\"><span style=\"color: #000000;\" class=\"stk-highlight\"><strong>Quito (matriz): <\/strong>Versalles N29-50 y Crist\u00f3bal de Acu\u00f1a <br>0992617192<br>info@jpdigital.com.ec<br><br><strong>Guayaquil:<\/strong> Av. Rodrigo Ch\u00e1vez 090510<br>0979105981<br>asistentegye@jpdigital.com.ec<br><\/span><br><span style=\"color: #000000;\" class=\"stk-highlight\"><strong>Atuntaqui:<\/strong> Panamericana Norte, N\/S entre salinas y Olmedo<br>0986276077<br>asistentecue@jpdigital.com.ec<\/span><\/p><\/div>\n<\/div><\/div><\/div>\n\n\n\n<div class=\"wp-block-stackable-column stk-block-column stk-column stk-block stk-83625f0\" data-v=\"4\" data-block-id=\"83625f0\"><style>.stk-83625f0 {align-items:center !important;display:flex !important;}<\/style><div class=\"stk-column-wrapper stk-block-column__content stk-container stk-83625f0-container stk--no-background stk--no-padding\"><div class=\"stk-block-content stk-inner-blocks stk-83625f0-inner-blocks\">\n<div class=\"wp-block-stackable-image stk-block-image stk-block stk-e24e7fe\" data-block-id=\"e24e7fe\"><style>.stk-e24e7fe .stk-img-wrapper img{transform:scale(1.22) !important;}<\/style><figure><span class=\"stk-img-wrapper stk-image--shape-stretch\"><img decoding=\"async\" class=\"stk-img wp-image-3810\" src=\"https:\/\/jpdigital.com.ec\/wp-content\/uploads\/2025\/10\/Guayaquil-scaled.jpg\" width=\"2560\" height=\"2560\" srcset=\"https:\/\/jpdigital.com.ec\/wp-content\/uploads\/2025\/10\/Guayaquil-scaled.jpg 2560w, https:\/\/jpdigital.com.ec\/wp-content\/uploads\/2025\/10\/Guayaquil-300x300.jpg 300w, https:\/\/jpdigital.com.ec\/wp-content\/uploads\/2025\/10\/Guayaquil-1024x1024.jpg 1024w, https:\/\/jpdigital.com.ec\/wp-content\/uploads\/2025\/10\/Guayaquil-150x150.jpg 150w, https:\/\/jpdigital.com.ec\/wp-content\/uploads\/2025\/10\/Guayaquil-768x768.jpg 768w, https:\/\/jpdigital.com.ec\/wp-content\/uploads\/2025\/10\/Guayaquil-1536x1536.jpg 1536w, https:\/\/jpdigital.com.ec\/wp-content\/uploads\/2025\/10\/Guayaquil-2048x2048.jpg 2048w, https:\/\/jpdigital.com.ec\/wp-content\/uploads\/2025\/10\/Guayaquil-600x600.jpg 600w, https:\/\/jpdigital.com.ec\/wp-content\/uploads\/2025\/10\/Guayaquil-100x100.jpg 100w\" sizes=\"(max-width: 2560px) 100vw, 2560px\" \/><\/span><\/figure><\/div>\n<\/div><\/div><\/div>\n\n\n\n<div class=\"wp-block-stackable-column stk-block-column stk-column stk-block stk-a40e747\" data-v=\"4\" data-block-id=\"a40e747\"><style>.stk-a40e747 {align-items:center !important;display:flex !important;}<\/style><div class=\"stk-column-wrapper stk-block-column__content stk-container stk-a40e747-container stk--no-background stk--no-padding\"><div class=\"stk-block-content stk-inner-blocks stk-a40e747-inner-blocks\">\n<div class=\"wp-block-stackable-text stk-block-text stk-block stk-ec91f97\" data-block-id=\"ec91f97\"><style>.stk-ec91f97 .stk-block-text__text{font-size:12px !important;font-family:\"Libre Caslon Text\", Sans-serif !important;}@media screen and (max-width:999px){.stk-ec91f97 .stk-block-text__text{font-size:12px !important;}}<\/style><p class=\"stk-block-text__text\"><span style=\"color: #000000;\" class=\"stk-highlight\"><strong>Santo Domingo: <\/strong>Centro Comercial El Gigante, Av. de los Ts\u00e1chilas, Local N\u00ba6<br>0987905575<br>asistentecue@jpdigital.com.ec<br><br><span style=\"color: #000000;\" class=\"stk-highlight\"><strong>Cuenca:<\/strong> Calle del Bat\u00e1n y Unidad Nacional <br>0987980199<br>asistentecue@jpdigital.com.ec<\/span><br><br><strong>Latacunga:<\/strong> C. Manuel de Jes\u00fas Quijano y Ordo\u00f1ez<br>0992617192<br>info@jpdigital.com.ec<\/span><\/p><\/div>\n<\/div><\/div><\/div>\n<\/div><\/div>\n\n\n\n<div class=\"wp-block-stackable-button-group stk-block-button-group stk-block stk-0674c68\" data-block-id=\"0674c68\"><style>.stk-0674c68 {margin-bottom:0px !important;}<\/style><div class=\"stk-row stk-inner-blocks stk-block-content stk-button-group\">\n<div class=\"wp-block-stackable-button stk-block-button stk-block stk-11daf4f\" data-block-id=\"11daf4f\"><style>.stk-11daf4f .stk-button__inner-text{font-size:12px !important;font-family:\"Libre Caslon Text\", Sans-serif !important;}@media screen and (max-width:999px){.stk-11daf4f .stk-button__inner-text{font-size:12px !important;}}<\/style><a class=\"stk-link stk-button stk--hover-effect-darken\" href=\"\"><span class=\"stk-button__inner-text\">Cont\u00e1ctanos<\/span><\/a><\/div>\n<\/div><\/div>\n\n\n\n<div class=\"wp-block-stackable-spacer stk-block-spacer stk--no-padding stk-block stk-f9be561\" data-block-id=\"f9be561\"><\/div>\n\n\n\n<p><\/p>\n","protected":false},"excerpt":{"rendered":"<p>Estamos aqu\u00ed para ayudarte a potenciar tu negocio de impresi\u00f3n digital, textil, publicitario y de comunicaci\u00f3n visual. En JP Digital, el distribuidor autorizado de Epson en Ecuador, estamos listos para brindarte asesor\u00eda especializada, soporte t\u00e9cnico certificado y atenci\u00f3n comercial personalizada. Cont\u00e1ctanos para informaci\u00f3n sobre productos, insumos, impresoras, planchas, calandras, o para agendar demostraciones y capacitaciones. [&hellip;]<\/p>\n","protected":false},"author":1,"featured_media":0,"parent":0,"menu_order":0,"comment_status":"closed","ping_status":"closed","template":"","meta":{"footnotes":""},"class_list":["post-13","page","type-page","status-publish","hentry"],"blocksy_meta":{"styles_descriptor":{"styles":{"desktop":"","tablet":"","mobile":""},"google_fonts":[],"version":6},"page_title_panel":"","has_hero_section":"disabled","b5a8e8ecd73a2d1bdc083724b92bf358":"","hero_section":"type-1","hero_elements":[{"id":"custom_title","enabled":true,"heading_tag":"h1","title":"Home"},{"id":"custom_description","enabled":true,"description_visibility":{"desktop":true,"tablet":true,"mobile":false}},{"id":"custom_meta","enabled":false,"meta_elements":[{"id":"author","enabled":true,"label":"By","has_author_avatar":"yes","avatar_size":25},{"id":"post_date","enabled":true,"label":"On","date_format_source":"default","date_format":"M j, Y"},{"id":"updated_date","enabled":false,"label":"On","date_format_source":"default","date_format":"M j, Y"},{"id":"categories","enabled":false,"label":"In","style":"simple"},{"id":"comments","enabled":true}],"page_meta_elements":{"joined":true,"articles_count":true,"comments":true}},{"id":"breadcrumbs","enabled":false}],"7e154d28cd3433ebd2b52a65fa352287":"","hero_alignment1":"CT_CSS_SKIP_RULE","hero_margin":40,"hero_alignment2":"center","hero_vertical_alignment":"center","b06089ceb60e1c2358df3dd815344e31":"","hero_structure":"narrow","cd26de91d35cb1540fae797090dcc365":"","page_title_bg_type":"featured_image","custom_hero_background":{"attachment_id":null},"parallax":{"desktop":false,"tablet":false,"mobile":false},"7fd8ccdb4238d868f5d9c97d4ace46bf":"","hero_height":"250px","pageTitleFont":{"family":"Default","variation":"Default","size":"30px","line-height":"CT_CSS_SKIP_RULE","letter-spacing":"CT_CSS_SKIP_RULE","text-transform":"CT_CSS_SKIP_RULE","text-decoration":"CT_CSS_SKIP_RULE"},"pageTitleFontColor":{"default":{"color":"CT_CSS_SKIP_RULEDEFAULT"}},"pageMetaFont":{"family":"Default","variation":"n6","size":"12px","line-height":"1.3","letter-spacing":"CT_CSS_SKIP_RULE","text-transform":"uppercase","text-decoration":"CT_CSS_SKIP_RULE"},"pageMetaFontColor":{"default":{"color":"CT_CSS_SKIP_RULEDEFAULT"},"hover":{"color":"CT_CSS_SKIP_RULEDEFAULT"}},"page_meta_button_type_font_colors":{"default":{"color":"CT_CSS_SKIP_RULEDEFAULT"},"hover":{"color":"CT_CSS_SKIP_RULEDEFAULT"}},"page_meta_button_type_background_colors":{"default":{"color":"CT_CSS_SKIP_RULEDEFAULT"},"hover":{"color":"CT_CSS_SKIP_RULEDEFAULT"}},"pageExcerptFont":{"family":"Default","variation":"Default","size":"CT_CSS_SKIP_RULE","line-height":"CT_CSS_SKIP_RULE","letter-spacing":"CT_CSS_SKIP_RULE","text-transform":"CT_CSS_SKIP_RULE","text-decoration":"CT_CSS_SKIP_RULE"},"pageExcerptColor":{"default":{"color":"CT_CSS_SKIP_RULEDEFAULT"}},"breadcrumbsFont":{"family":"Default","variation":"Default","size":"CT_CSS_SKIP_RULE","line-height":"CT_CSS_SKIP_RULE","letter-spacing":"CT_CSS_SKIP_RULE","text-transform":"CT_CSS_SKIP_RULE","text-decoration":"CT_CSS_SKIP_RULE"},"breadcrumbsFontColor":{"default":{"color":"CT_CSS_SKIP_RULEDEFAULT"},"initial":{"color":"CT_CSS_SKIP_RULEDEFAULT"},"hover":{"color":"CT_CSS_SKIP_RULEDEFAULT"}},"pageTitleOverlay":{"background_type":"color","background_pattern":"type-1","background_image":{"attachment_id":null,"x":0,"y":0},"gradient":"linear-gradient(135deg,rgba(6,147,227,1) 0%,rgb(155,81,224) 100%)","background_repeat":"repeat","background_size":"auto","background_attachment":"scroll","patternColor":{"default":{"color":"#e5e7ea"}},"overlayColor":{"default":{"color":"CT_CSS_SKIP_RULE"}},"backgroundColor":{"default":{"color":"CT_CSS_SKIP_RULE"}}},"pageTitleBackground":{"background_type":"color","background_pattern":"type-1","background_image":{"attachment_id":null,"x":0,"y":0},"gradient":"linear-gradient(135deg,rgba(6,147,227,1) 0%,rgb(155,81,224) 100%)","background_repeat":"repeat","background_size":"auto","background_attachment":"scroll","patternColor":{"default":{"color":"#e5e7ea"}},"overlayColor":{"default":{"color":"CT_CSS_SKIP_RULE"}},"backgroundColor":{"default":{"color":"var(--theme-palette-color-6)"}}},"pageTitlePadding":{"top":"50px","bottom":"50px","left":"auto","right":"auto","linked":true},"525648c3a0104dc66d7938914252da9e":"","page_structure_type":"default","4f39fcfae578e432fc1b7e5a804f4dc0":"","content_style_source":"inherit","content_style":"wide","vertical_spacing_source":"custom","content_area_spacing":"none","background":{"background_type":"color","background_pattern":"type-1","background_image":{"attachment_id":null,"x":0,"y":0},"gradient":"linear-gradient(135deg,rgba(6,147,227,1) 0%,rgb(155,81,224) 100%)","background_repeat":"repeat","background_size":"auto","background_attachment":"scroll","patternColor":{"default":{"color":"#e5e7ea"}},"overlayColor":{"default":{"color":"CT_CSS_SKIP_RULE"}},"backgroundColor":{"default":{"color":"CT_CSS_SKIP_RULE"}}},"content_background":{"background_type":"color","background_pattern":"type-1","background_image":{"attachment_id":null,"x":0,"y":0},"gradient":"linear-gradient(135deg,rgba(6,147,227,1) 0%,rgb(155,81,224) 100%)","background_repeat":"repeat","background_size":"auto","background_attachment":"scroll","patternColor":{"default":{"color":"#e5e7ea"}},"overlayColor":{"default":{"color":"CT_CSS_SKIP_RULE"}},"backgroundColor":{"default":{"color":"var(--theme-palette-color-8)"}}},"content_boxed_shadow":{"inherit":false,"blur":18,"spread":-6,"v_offset":12,"h_offset":0,"inset":false,"enable":true,"color":{"color":"rgba(34, 56, 101, 0.04)"}},"boxed_content_spacing":{"desktop":{"top":"40px","bottom":"40px","left":"40px","right":"40px","linked":true},"tablet":{"top":"35px","bottom":"35px","left":"35px","right":"35px","linked":true},"mobile":{"top":"20px","bottom":"20px","left":"20px","right":"20px","linked":true}},"content_boxed_radius":{"top":"3px","bottom":"3px","left":"3px","right":"3px","linked":true},"2487fe51df1335eec2ccb15a676f5fb3":"","disable_featured_image":"no","disable_share_box":"no","disable_header":"no","disable_footer":"no"},"_links":{"self":[{"href":"https:\/\/jpdigital.com.ec\/index.php\/wp-json\/wp\/v2\/pages\/13","targetHints":{"allow":["GET"]}}],"collection":[{"href":"https:\/\/jpdigital.com.ec\/index.php\/wp-json\/wp\/v2\/pages"}],"about":[{"href":"https:\/\/jpdigital.com.ec\/index.php\/wp-json\/wp\/v2\/types\/page"}],"author":[{"embeddable":true,"href":"https:\/\/jpdigital.com.ec\/index.php\/wp-json\/wp\/v2\/users\/1"}],"replies":[{"embeddable":true,"href":"https:\/\/jpdigital.com.ec\/index.php\/wp-json\/wp\/v2\/comments?post=13"}],"version-history":[{"count":52,"href":"https:\/\/jpdigital.com.ec\/index.php\/wp-json\/wp\/v2\/pages\/13\/revisions"}],"predecessor-version":[{"id":4587,"href":"https:\/\/jpdigital.com.ec\/index.php\/wp-json\/wp\/v2\/pages\/13\/revisions\/4587"}],"wp:attachment":[{"href":"https:\/\/jpdigital.com.ec\/index.php\/wp-json\/wp\/v2\/media?parent=13"}],"curies":[{"name":"wp","href":"https:\/\/api.w.org\/{rel}","templated":true}]}}