{"id":203,"date":"2021-12-17T16:46:02","date_gmt":"2021-12-17T16:46:02","guid":{"rendered":"https:\/\/startersites.io\/blocksy\/garderobe\/?page_id=203"},"modified":"2026-03-11T10:48:27","modified_gmt":"2026-03-11T15:48:27","slug":"quienes-somos","status":"publish","type":"page","link":"https:\/\/jpdigital.com.ec\/index.php\/quienes-somos\/","title":{"rendered":"Qui\u00e9nes Somos"},"content":{"rendered":"\n<div class=\"wp-block-stackable-spacer stk-block-spacer stk--no-padding stk-block stk-d987664\" data-block-id=\"d987664\"><style>.stk-d987664 {height:150px !important;}@media screen and (max-width:999px){.stk-d987664 {height:80px !important;}}<\/style><\/div>\n\n\n\n<div class=\"wp-block-stackable-columns stk-block-columns stk-block stk-b2ae33e stk-block-background stk--has-background-overlay\" data-block-id=\"b2ae33e\"><style>.stk-b2ae33e {background-color:var(--theme-palette-color-4, #131117) !important;background-image:url(https:\/\/jpdigital.com.ec\/wp-content\/uploads\/2021\/12\/shop-sale-cta-background.svg) !important;background-position:bottom right !important;background-repeat:no-repeat !important;background-size:auto !important;padding-top:0px !important;padding-right:40px !important;padding-bottom:40px !important;padding-left:40px !important;margin-bottom:0px !important;overflow:visible !important;}.stk-b2ae33e:before{background-color:var(--theme-palette-color-4, #131117) !important;opacity:0.9 !important;}.stk-b2ae33e .stk-container{overflow:visible !important;}.stk-b2ae33e-column{--stk-column-gap:70px !important;row-gap:50px !important;}@media screen and (max-width:689px){.stk-b2ae33e {padding-top:0px !important;padding-right:30px !important;padding-bottom:40px !important;padding-left:30px !important;}}<\/style><div class=\"stk-row stk-inner-blocks stk-block-content stk-content-align stk-b2ae33e-column\">\n<div class=\"wp-block-stackable-column stk-block-column stk-column stk-block stk-2c7ce1b\" data-v=\"4\" data-block-id=\"2c7ce1b\"><style>.stk-2c7ce1b-container{margin-top:0px !important;margin-right:0px !important;margin-bottom:0px !important;margin-left:0px !important;}@media screen and (min-width:690px){.stk-2c7ce1b {flex:var(--stk-flex-grow, 1) 1 calc(40.099999999999994% - var(--stk-column-gap, 0px) * 1 \/ 2 ) !important;}}@media screen and (min-width:690px) and (max-width:999px){.stk-2c7ce1b {flex:var(--stk-flex-grow, 1) 1 calc(100% - var(--stk-column-gap, 0px) * 0 \/ 1 ) !important;}}<\/style><div class=\"stk-column-wrapper stk-block-column__content stk-container stk-2c7ce1b-container stk--no-background stk--no-padding\"><div class=\"stk-block-content stk-inner-blocks stk-2c7ce1b-inner-blocks\">\n<div class=\"wp-block-stackable-image stk-block-image stk-block stk-2ef1bf9\" data-block-id=\"2ef1bf9\"><style>.stk-2ef1bf9 {margin-top:-100px !important;}.stk-2ef1bf9 .stk-img-wrapper{width:100% !important;height:450px !important;}@media screen and (max-width:999px){.stk-2ef1bf9 .stk-img-wrapper{height:500px !important;}}<\/style><figure><span class=\"stk-img-wrapper stk-image--shape-stretch\"><img fetchpriority=\"high\" decoding=\"async\" class=\"stk-img wp-image-4357\" src=\"https:\/\/jpdigital.com.ec\/wp-content\/uploads\/2025\/12\/Bio1-scaled.jpg\" width=\"1920\" height=\"2560\" srcset=\"https:\/\/jpdigital.com.ec\/wp-content\/uploads\/2025\/12\/Bio1-scaled.jpg 1920w, https:\/\/jpdigital.com.ec\/wp-content\/uploads\/2025\/12\/Bio1-225x300.jpg 225w, https:\/\/jpdigital.com.ec\/wp-content\/uploads\/2025\/12\/Bio1-768x1024.jpg 768w, https:\/\/jpdigital.com.ec\/wp-content\/uploads\/2025\/12\/Bio1-1152x1536.jpg 1152w, https:\/\/jpdigital.com.ec\/wp-content\/uploads\/2025\/12\/Bio1-1536x2048.jpg 1536w, https:\/\/jpdigital.com.ec\/wp-content\/uploads\/2025\/12\/Bio1-300x400.jpg 300w, https:\/\/jpdigital.com.ec\/wp-content\/uploads\/2025\/12\/Bio1-600x800.jpg 600w\" sizes=\"(max-width: 1920px) 100vw, 1920px\" \/><\/span><\/figure><\/div>\n<\/div><\/div><\/div>\n\n\n\n<div class=\"wp-block-stackable-column stk-block-column stk-column stk-block stk-a715aa5\" data-v=\"4\" data-block-id=\"a715aa5\"><style>.stk-a715aa5-container{margin-top:0px !important;margin-right:0px !important;margin-bottom:0px !important;margin-left:0px !important;}.stk-a715aa5 {padding-top:90px !important;}@media screen and (min-width:690px){.stk-a715aa5 {flex:var(--stk-flex-grow, 1) 1 calc(59.9% - var(--stk-column-gap, 0px) * 1 \/ 2 ) !important;}}@media screen and (min-width:690px) and (max-width:999px){.stk-a715aa5 {flex:var(--stk-flex-grow, 1) 1 calc(100% - var(--stk-column-gap, 0px) * 0 \/ 1 ) !important;}}@media screen and (max-width:999px){.stk-a715aa5 {padding-top:0px !important;}}<\/style><div class=\"stk-column-wrapper stk-block-column__content stk-container stk-a715aa5-container stk--no-background stk--no-padding\"><div class=\"stk-block-content stk-inner-blocks stk-a715aa5-inner-blocks\">\n<div class=\"wp-block-stackable-heading stk-block-heading stk-block-heading--v2 stk-block stk-290f15a\" id=\"strong-jp-digital-representantes-de-las-marcas-lideres-en-tecnologia-de-impresion-digital-strong\" data-block-id=\"290f15a\"><style>.stk-290f15a {margin-bottom:30px !important;}.stk-290f15a .stk-block-heading__text{font-size:20px !important;color:#fffffe !important;font-family:\"Libre Caslon Text\", Sans-serif !important;}@media screen and (max-width:999px){.stk-290f15a {margin-bottom:30px !important;}.stk-290f15a .stk-block-heading__text{font-size:30px !important;}}<\/style><h1 class=\"stk-block-heading__text has-text-color has-palette-color-8-color has-text-align-left stk-block-heading--use-theme-margins\"><strong>JP Digital \u00a1Representantes de las marcas l\u00edderes en tecnolog\u00eda de impresi\u00f3n digital!<\/strong><\/h1><\/div>\n\n\n\n<div class=\"wp-block-stackable-text stk-block-text stk-block stk-59fb3a8\" data-block-id=\"59fb3a8\"><style>.stk-59fb3a8 .stk-block-text__text{font-size:12px !important;color:#fffffe !important;font-family:\"Libre Caslon Text\", Sans-serif !important;}@media screen and (max-width:999px){.stk-59fb3a8 .stk-block-text__text{font-size:12px !important;}}<\/style><p class=\"stk-block-text__text has-text-color has-text-align-left\">Con m\u00e1s de <strong>17 a\u00f1os de experiencia<\/strong>, nos hemos consolidado como <strong>referentes en soluciones de impresi\u00f3n digital textil, sublimaci\u00f3n, DTG, DTF, publicidad  y comunicaci\u00f3n visual<\/strong>, ofreciendo <strong>tecnolog\u00eda, asesor\u00eda y soporte integral<\/strong> para emprendedores, negocios e industrias a nivel nacional.<\/p><\/div>\n<\/div><\/div><\/div>\n<\/div><\/div>\n\n\n\n<div class=\"wp-block-stackable-spacer stk-block-spacer stk--no-padding stk-block stk-f132f5e\" data-block-id=\"f132f5e\"><style>.stk-f132f5e {height:50px !important;}@media screen and (max-width:999px){.stk-f132f5e {height:80px !important;}}<\/style><\/div>\n\n\n\n<div class=\"wp-block-stackable-columns stk-block-columns stk-block stk-6f434b7\" data-block-id=\"6f434b7\"><style>.stk-6f434b7 .stk--block-align-6f434b7{align-items:center !important;}.stk-6f434b7 {margin-bottom:50px !important;}<\/style><div class=\"stk-row stk-inner-blocks stk--block-align-6f434b7 stk-block-content stk-content-align stk-6f434b7-column\">\n<div class=\"wp-block-stackable-column stk-block-column stk-column stk-block stk-404554b\" data-v=\"4\" data-block-id=\"404554b\"><style>@media screen and (min-width:690px){.stk-404554b {flex:var(--stk-flex-grow, 1) 1 calc(50% - var(--stk-column-gap, 0px) * 1 \/ 2 ) !important;}}<\/style><div class=\"stk-column-wrapper stk-block-column__content stk-container stk-404554b-container stk--no-background stk--no-padding\"><div class=\"stk-block-content stk-inner-blocks stk-404554b-inner-blocks\">\n<div class=\"wp-block-stackable-heading stk-block-heading stk-block-heading--v2 stk-block stk-594de68\" id=\"strong-nuestra-presencia-en-ecuador-strong\" data-block-id=\"594de68\"><style>.stk-594de68 {margin-bottom:30px !important;}.stk-594de68 .stk-block-heading__text{font-size:18px !important;font-family:\"Libre Caslon Text\", Sans-serif !important;}@media screen and (max-width:999px){.stk-594de68 .stk-block-heading__text{font-size:18px !important;}}<\/style><h2 class=\"stk-block-heading__text has-text-align-left\"><strong>Nuestra presencia en Ecuador<\/strong><\/h2><\/div>\n\n\n\n<div class=\"wp-block-stackable-text stk-block-text stk-block stk-8380302\" data-block-id=\"8380302\"><style>.stk-8380302 .stk-block-text__text{font-size:12px !important;font-family:\"Libre Caslon Text\", Sans-serif !important;}@media screen and (max-width:999px){.stk-8380302 .stk-block-text__text{font-size:12px !important;}}<\/style><p class=\"stk-block-text__text has-text-align-left\"><span style=\"color: #000000;\" class=\"stk-highlight\">JP Digital cuenta con 6 sucursales estrat\u00e9gicas en Quito (matriz), Guayaquil, Cuenca, Santo Domingo, Latacunga y Atuntaqui. Desde estas sedes, ofrecemos cobertura t\u00e9cnica, capacitaci\u00f3n y soporte especializado para clientes en todo el pa\u00eds, garantizando que cada proyecto de impresi\u00f3n digital tenga respaldo profesional y acceso a equipos de \u00faltima generaci\u00f3n.<br><br>Nuestra alianza directa con <strong>Epson, Monti Antonio y Felix Schoelle<\/strong>r nos permite ofrecer precios competitivos, garant\u00edas reales y acceso prioritario a las \u00faltimas innovaciones como la tecnolog\u00eda <strong>DTFilm (Direct to Film),<\/strong> sublimaci\u00f3n fluorescente, calandras con garant\u00eda de por vida y papel premium.<br><br>Contamos con bodegas climatizadas para la correcta conservaci\u00f3n de tintas y papeles, showrooms equipados para demostraciones en vivo y una flota de veh\u00edculos para entregas a nivel nacional. Nuestro equipo humano combina asesores comerciales expertos en ROI y t\u00e9cnicos especializados en electromec\u00e1nica y gesti\u00f3n de color.<\/span><\/p><\/div>\n\n\n\n<div class=\"wp-block-stackable-button-group stk-block-button-group stk-block stk-19d23af\" data-block-id=\"19d23af\"><div class=\"stk-row stk-inner-blocks stk-block-content stk-button-group\">\n<div class=\"wp-block-stackable-button stk-block-button stk-block stk-1bdc363\" data-block-id=\"1bdc363\"><style>.stk-1bdc363 .stk-button__inner-text{font-size:12px !important;font-family:\"Libre Caslon Text\", Sans-serif !important;}@media screen and (max-width:999px){.stk-1bdc363 .stk-button__inner-text{font-size:12px !important;}}<\/style><a class=\"stk-link stk-button stk--hover-effect-darken\" href=\"https:\/\/jpdigital.com.ec\/index.php\/contactos\/\"><span class=\"stk-button__inner-text\"><strong>Contactar<\/strong><\/span><\/a><\/div>\n<\/div><\/div>\n<\/div><\/div><\/div>\n\n\n\n<div class=\"wp-block-stackable-column stk-block-column stk-column stk-block stk-42f3541\" data-v=\"4\" data-block-id=\"42f3541\"><style>@media screen and (min-width:690px){.stk-42f3541 {flex:var(--stk-flex-grow, 1) 1 calc(50% - var(--stk-column-gap, 0px) * 1 \/ 2 ) !important;}}<\/style><div class=\"stk-column-wrapper stk-block-column__content stk-container stk-42f3541-container stk--no-background stk--no-padding\"><div class=\"stk-block-content stk-inner-blocks stk-42f3541-inner-blocks\">\n<figure class=\"wp-block-image aligncenter size-full is-resized\"><img decoding=\"async\" width=\"375\" height=\"500\" src=\"https:\/\/jpdigital.com.ec\/wp-content\/uploads\/2026\/03\/F2-1.jpeg\" alt=\"\" class=\"wp-image-4645\" style=\"width:351px;height:auto\" srcset=\"https:\/\/jpdigital.com.ec\/wp-content\/uploads\/2026\/03\/F2-1.jpeg 375w, https:\/\/jpdigital.com.ec\/wp-content\/uploads\/2026\/03\/F2-1-225x300.jpeg 225w, https:\/\/jpdigital.com.ec\/wp-content\/uploads\/2026\/03\/F2-1-300x400.jpeg 300w\" sizes=\"(max-width: 375px) 100vw, 375px\" \/><\/figure>\n<\/div><\/div><\/div>\n<\/div><\/div>\n\n\n\n<p><\/p>\n","protected":false},"excerpt":{"rendered":"<p>JP Digital \u00a1Representantes de las marcas l\u00edderes en tecnolog\u00eda de impresi\u00f3n digital! Con m\u00e1s de 17 a\u00f1os de experiencia, nos hemos consolidado como referentes en soluciones de impresi\u00f3n digital textil, sublimaci\u00f3n, DTG, DTF, publicidad y comunicaci\u00f3n visual, ofreciendo tecnolog\u00eda, asesor\u00eda y soporte integral para emprendedores, negocios e industrias a nivel nacional. Nuestra presencia en Ecuador [&hellip;]<\/p>\n","protected":false},"author":1,"featured_media":0,"parent":0,"menu_order":0,"comment_status":"closed","ping_status":"closed","template":"","meta":{"footnotes":""},"class_list":["post-203","page","type-page","status-publish","hentry"],"blocksy_meta":{"styles_descriptor":{"styles":{"desktop":"","tablet":"","mobile":""},"google_fonts":[],"version":6},"page_title_panel":"","has_hero_section":"disabled","cae18c3de7bedc5b6f53f33572e01345":"","hero_section":"type-1","hero_elements":[{"id":"custom_title","enabled":true,"heading_tag":"h1","title":"Home"},{"id":"custom_description","enabled":true,"description_visibility":{"desktop":true,"tablet":true,"mobile":false}},{"id":"custom_meta","enabled":false,"meta_elements":[{"id":"author","enabled":true,"label":"By","has_author_avatar":"yes","avatar_size":25},{"id":"post_date","enabled":true,"label":"On","date_format_source":"default","date_format":"M j, Y"},{"id":"updated_date","enabled":false,"label":"On","date_format_source":"default","date_format":"M j, Y"},{"id":"categories","enabled":false,"label":"In","style":"simple"},{"id":"comments","enabled":true}],"page_meta_elements":{"joined":true,"articles_count":true,"comments":true}},{"id":"breadcrumbs","enabled":false}],"36e4f14ca74f76b48dbacffcd0ea6f6d":"","hero_alignment1":"CT_CSS_SKIP_RULE","hero_margin":40,"hero_alignment2":"center","hero_vertical_alignment":"center","824d71bcf27c0666174c1f297f46a76c":"","hero_structure":"narrow","25a426c6e3c98f1883c681c2edab9ce7":"","page_title_bg_type":"featured_image","custom_hero_background":{"attachment_id":null},"parallax":{"desktop":false,"tablet":false,"mobile":false},"76980b1f4241e0ba1115be40644c3e4a":"","hero_height":"250px","pageTitleFont":{"family":"Default","variation":"Default","size":"30px","line-height":"CT_CSS_SKIP_RULE","letter-spacing":"CT_CSS_SKIP_RULE","text-transform":"CT_CSS_SKIP_RULE","text-decoration":"CT_CSS_SKIP_RULE"},"pageTitleFontColor":{"default":{"color":"CT_CSS_SKIP_RULEDEFAULT"}},"pageMetaFont":{"family":"Default","variation":"n6","size":"12px","line-height":"1.3","letter-spacing":"CT_CSS_SKIP_RULE","text-transform":"uppercase","text-decoration":"CT_CSS_SKIP_RULE"},"pageMetaFontColor":{"default":{"color":"CT_CSS_SKIP_RULEDEFAULT"},"hover":{"color":"CT_CSS_SKIP_RULEDEFAULT"}},"page_meta_button_type_font_colors":{"default":{"color":"CT_CSS_SKIP_RULEDEFAULT"},"hover":{"color":"CT_CSS_SKIP_RULEDEFAULT"}},"page_meta_button_type_background_colors":{"default":{"color":"CT_CSS_SKIP_RULEDEFAULT"},"hover":{"color":"CT_CSS_SKIP_RULEDEFAULT"}},"pageExcerptFont":{"family":"Default","variation":"Default","size":"CT_CSS_SKIP_RULE","line-height":"CT_CSS_SKIP_RULE","letter-spacing":"CT_CSS_SKIP_RULE","text-transform":"CT_CSS_SKIP_RULE","text-decoration":"CT_CSS_SKIP_RULE"},"pageExcerptColor":{"default":{"color":"CT_CSS_SKIP_RULEDEFAULT"}},"breadcrumbsFont":{"family":"Default","variation":"Default","size":"CT_CSS_SKIP_RULE","line-height":"CT_CSS_SKIP_RULE","letter-spacing":"CT_CSS_SKIP_RULE","text-transform":"CT_CSS_SKIP_RULE","text-decoration":"CT_CSS_SKIP_RULE"},"breadcrumbsFontColor":{"default":{"color":"CT_CSS_SKIP_RULEDEFAULT"},"initial":{"color":"CT_CSS_SKIP_RULEDEFAULT"},"hover":{"color":"CT_CSS_SKIP_RULEDEFAULT"}},"pageTitleOverlay":{"background_type":"color","background_pattern":"type-1","background_image":{"attachment_id":null,"x":0,"y":0},"gradient":"linear-gradient(135deg,rgba(6,147,227,1) 0%,rgb(155,81,224) 100%)","background_repeat":"repeat","background_size":"auto","background_attachment":"scroll","patternColor":{"default":{"color":"#e5e7ea"}},"overlayColor":{"default":{"color":"CT_CSS_SKIP_RULE"}},"backgroundColor":{"default":{"color":"CT_CSS_SKIP_RULE"}}},"pageTitleBackground":{"background_type":"color","background_pattern":"type-1","background_image":{"attachment_id":null,"x":0,"y":0},"gradient":"linear-gradient(135deg,rgba(6,147,227,1) 0%,rgb(155,81,224) 100%)","background_repeat":"repeat","background_size":"auto","background_attachment":"scroll","patternColor":{"default":{"color":"#e5e7ea"}},"overlayColor":{"default":{"color":"CT_CSS_SKIP_RULE"}},"backgroundColor":{"default":{"color":"var(--theme-palette-color-6)"}}},"pageTitlePadding":{"top":"50px","bottom":"50px","left":"auto","right":"auto","linked":true},"727838cdb0b1b4a50b61a179627d1773":"","page_structure_type":"default","bf2280b6f99e95fe8df362e1d9c4e945":"","content_style_source":"inherit","content_style":"wide","vertical_spacing_source":"custom","content_area_spacing":"none","background":{"background_type":"color","background_pattern":"type-1","background_image":{"attachment_id":null,"x":0,"y":0},"gradient":"linear-gradient(135deg,rgba(6,147,227,1) 0%,rgb(155,81,224) 100%)","background_repeat":"repeat","background_size":"auto","background_attachment":"scroll","patternColor":{"default":{"color":"#e5e7ea"}},"overlayColor":{"default":{"color":"CT_CSS_SKIP_RULE"}},"backgroundColor":{"default":{"color":"CT_CSS_SKIP_RULE"}}},"content_background":{"background_type":"color","background_pattern":"type-1","background_image":{"attachment_id":null,"x":0,"y":0},"gradient":"linear-gradient(135deg,rgba(6,147,227,1) 0%,rgb(155,81,224) 100%)","background_repeat":"repeat","background_size":"auto","background_attachment":"scroll","patternColor":{"default":{"color":"#e5e7ea"}},"overlayColor":{"default":{"color":"CT_CSS_SKIP_RULE"}},"backgroundColor":{"default":{"color":"var(--theme-palette-color-8)"}}},"content_boxed_shadow":{"inherit":false,"blur":18,"spread":-6,"v_offset":12,"h_offset":0,"inset":false,"enable":true,"color":{"color":"rgba(34, 56, 101, 0.04)"}},"boxed_content_spacing":{"desktop":{"top":"40px","bottom":"40px","left":"40px","right":"40px","linked":true},"tablet":{"top":"35px","bottom":"35px","left":"35px","right":"35px","linked":true},"mobile":{"top":"20px","bottom":"20px","left":"20px","right":"20px","linked":true}},"content_boxed_radius":{"top":"3px","bottom":"3px","left":"3px","right":"3px","linked":true},"203928799f3efe87295f481e9e43b493":"","disable_featured_image":"no","disable_share_box":"no","disable_header":"no","disable_footer":"no"},"_links":{"self":[{"href":"https:\/\/jpdigital.com.ec\/index.php\/wp-json\/wp\/v2\/pages\/203","targetHints":{"allow":["GET"]}}],"collection":[{"href":"https:\/\/jpdigital.com.ec\/index.php\/wp-json\/wp\/v2\/pages"}],"about":[{"href":"https:\/\/jpdigital.com.ec\/index.php\/wp-json\/wp\/v2\/types\/page"}],"author":[{"embeddable":true,"href":"https:\/\/jpdigital.com.ec\/index.php\/wp-json\/wp\/v2\/users\/1"}],"replies":[{"embeddable":true,"href":"https:\/\/jpdigital.com.ec\/index.php\/wp-json\/wp\/v2\/comments?post=203"}],"version-history":[{"count":52,"href":"https:\/\/jpdigital.com.ec\/index.php\/wp-json\/wp\/v2\/pages\/203\/revisions"}],"predecessor-version":[{"id":4646,"href":"https:\/\/jpdigital.com.ec\/index.php\/wp-json\/wp\/v2\/pages\/203\/revisions\/4646"}],"wp:attachment":[{"href":"https:\/\/jpdigital.com.ec\/index.php\/wp-json\/wp\/v2\/media?parent=203"}],"curies":[{"name":"wp","href":"https:\/\/api.w.org\/{rel}","templated":true}]}}