{"id":3918,"date":"2025-12-16T14:35:31","date_gmt":"2025-12-16T19:35:31","guid":{"rendered":"https:\/\/jpdigital.com.ec\/?page_id=3918"},"modified":"2026-01-10T23:55:36","modified_gmt":"2026-01-11T04:55:36","slug":"insumos","status":"publish","type":"page","link":"https:\/\/jpdigital.com.ec\/index.php\/insumos\/","title":{"rendered":"Insumos"},"content":{"rendered":"\n<div class=\"wp-block-stackable-columns stk-block-columns stk-block stk-85b8fff\" data-block-id=\"85b8fff\"><style>.stk-85b8fff .stk--block-align-85b8fff{align-items:center !important;}.stk-85b8fff {margin-top:-40px !important;margin-bottom:0px !important;}<\/style><div class=\"stk-row stk-inner-blocks stk--block-align-85b8fff stk-block-content stk-content-align stk-85b8fff-column\">\n<div class=\"wp-block-stackable-column stk-block-column stk-column stk-block stk-186133b stk-block-background\" data-v=\"4\" data-block-id=\"186133b\"><div class=\"stk-column-wrapper stk-block-column__content stk-container stk-186133b-container stk--no-background stk--no-padding\"><div class=\"stk-block-content stk-inner-blocks stk-186133b-inner-blocks\">\n<div class=\"wp-block-stackable-heading stk-block-heading stk-block-heading--v2 stk-block stk-19b012d\" id=\"strong-suministros-originales-para-produccion-continua-strong\" data-block-id=\"19b012d\"><style>.stk-19b012d {margin-bottom:30px !important;}.stk-19b012d .stk-block-heading__text{font-size:20px !important;font-family:\"Libre Caslon Text\", Sans-serif !important;}@media screen and (max-width:999px){.stk-19b012d .stk-block-heading__text{font-size:20px !important;}}<\/style><h1 class=\"stk-block-heading__text\"><strong>Suministros Originales para Producci\u00f3n Continua<\/strong><\/h1><\/div>\n\n\n\n<div class=\"wp-block-stackable-heading stk-block-heading stk-block-heading--v2 stk-block stk-50e0bf9\" id=\"strong-tintas-epson-ultra-chrome\u2122-strong\" data-block-id=\"50e0bf9\"><style>.stk-50e0bf9 {margin-bottom:30px !important;}.stk-50e0bf9 .stk-block-heading__text{font-size:18px !important;font-family:\"Libre Caslon Text\", Sans-serif !important;}@media screen and (max-width:999px){.stk-50e0bf9 .stk-block-heading__text{font-size:18px !important;}}<\/style><h2 class=\"stk-block-heading__text\"><strong>Tintas Epson UltraChrome\u2122<\/strong><\/h2><\/div>\n\n\n\n<div class=\"wp-block-stackable-text stk-block-text stk-block stk-2f1e33e\" data-block-id=\"2f1e33e\"><style>.stk-2f1e33e {margin-bottom:30px !important;}.stk-2f1e33e .stk-block-text__text{font-size:12px !important;color:#0f0e17 !important;font-family:\"Libre Caslon Text\", Sans-serif !important;}@media screen and (max-width:999px){.stk-2f1e33e .stk-block-text__text{font-size:12px !important;}}<\/style><p class=\"stk-block-text__text has-text-color has-text-align-left\">Distribuimos exclusivamente tintas genuinas para garantizar la certificaci\u00f3n OEKO-TEX\u00ae ECO PASSPORT, asegurando que tus impresiones sean seguras incluso para beb\u00e9s.<br><br><strong> *UltraChrome DS: <\/strong>Para sublimaci\u00f3n, con negros de alta densidad (HDK) y colores vibrantes.<br><br><strong> *UltraChrome DG2\/DF:<\/strong> Para DTG y DTF, optimizadas para evitar craquelado en prendas.<\/p><\/div>\n\n\n\n<div class=\"wp-block-stackable-button-group stk-block-button-group stk-block stk-7074d6a\" data-block-id=\"7074d6a\"><div class=\"stk-row stk-inner-blocks stk-block-content stk-button-group\">\n<div class=\"wp-block-stackable-button stk-block-button stk-block stk-3b8c390\" data-block-id=\"3b8c390\"><style>.stk-3b8c390 .stk-button__inner-text{font-size:12px !important;font-family:\"Libre Caslon Text\", Sans-serif !important;}@media screen and (max-width:999px){.stk-3b8c390 .stk-button__inner-text{font-size:12px !important;}}<\/style><a class=\"stk-link stk-button stk--hover-effect-darken\" href=\"https:\/\/jpdigital.com.ec\/index.php\/productos\/\"><span class=\"stk-button__inner-text\"><strong>Tienda<\/strong><\/span><\/a><\/div>\n<\/div><\/div>\n<\/div><\/div><\/div>\n\n\n\n<div class=\"wp-block-stackable-column stk-block-column stk-column stk-block stk-67c2aac\" data-v=\"4\" data-block-id=\"67c2aac\"><div class=\"stk-column-wrapper stk-block-column__content stk-container stk-67c2aac-container stk--no-background stk--no-padding\"><div class=\"stk-block-content stk-inner-blocks stk-67c2aac-inner-blocks\">\n<figure class=\"wp-block-image size-full\"><img fetchpriority=\"high\" decoding=\"async\" width=\"560\" height=\"560\" src=\"https:\/\/jpdigital.com.ec\/wp-content\/uploads\/2026\/01\/tinta_web.png\" alt=\"\" class=\"wp-image-4407\" srcset=\"https:\/\/jpdigital.com.ec\/wp-content\/uploads\/2026\/01\/tinta_web.png 560w, https:\/\/jpdigital.com.ec\/wp-content\/uploads\/2026\/01\/tinta_web-300x300.png 300w, https:\/\/jpdigital.com.ec\/wp-content\/uploads\/2026\/01\/tinta_web-150x150.png 150w, https:\/\/jpdigital.com.ec\/wp-content\/uploads\/2026\/01\/tinta_web-100x100.png 100w\" sizes=\"(max-width: 560px) 100vw, 560px\" \/><\/figure>\n<\/div><\/div><\/div>\n<\/div><\/div>\n\n\n\n<div class=\"wp-block-stackable-columns stk-block-columns stk-block stk-6ff5e41\" data-block-id=\"6ff5e41\"><style>.stk-6ff5e41 .stk--block-align-6ff5e41{align-items:center !important;}.stk-6ff5e41 {margin-top:-40px !important;margin-bottom:0px !important;}<\/style><div class=\"stk-row stk-inner-blocks stk--block-align-6ff5e41 stk-block-content stk-content-align stk-6ff5e41-column\">\n<div class=\"wp-block-stackable-column stk-block-column stk-column stk-block stk-391875e\" data-v=\"4\" data-block-id=\"391875e\"><div class=\"stk-column-wrapper stk-block-column__content stk-container stk-391875e-container stk--no-background stk--no-padding\"><div class=\"stk-block-content stk-inner-blocks stk-391875e-inner-blocks\">\n<figure class=\"wp-block-image size-full\"><img decoding=\"async\" width=\"560\" height=\"560\" src=\"https:\/\/jpdigital.com.ec\/wp-content\/uploads\/2026\/01\/papel_web.png\" alt=\"\" class=\"wp-image-4406\" srcset=\"https:\/\/jpdigital.com.ec\/wp-content\/uploads\/2026\/01\/papel_web.png 560w, https:\/\/jpdigital.com.ec\/wp-content\/uploads\/2026\/01\/papel_web-300x300.png 300w, https:\/\/jpdigital.com.ec\/wp-content\/uploads\/2026\/01\/papel_web-150x150.png 150w, https:\/\/jpdigital.com.ec\/wp-content\/uploads\/2026\/01\/papel_web-100x100.png 100w\" sizes=\"(max-width: 560px) 100vw, 560px\" \/><\/figure>\n<\/div><\/div><\/div>\n\n\n\n<div class=\"wp-block-stackable-column stk-block-column stk-column stk-block stk-68ce155 stk-block-background\" data-v=\"4\" data-block-id=\"68ce155\"><div class=\"stk-column-wrapper stk-block-column__content stk-container stk-68ce155-container stk--no-background stk--no-padding\"><div class=\"stk-block-content stk-inner-blocks stk-68ce155-inner-blocks\">\n<div class=\"wp-block-stackable-heading stk-block-heading stk-block-heading--v2 stk-block stk-97ce333\" id=\"strong-strong-papeles-y-sustratos-de-alta-gama-strong-strong\" data-block-id=\"97ce333\"><style>.stk-97ce333 {margin-bottom:30px !important;}.stk-97ce333 .stk-block-heading__text{font-size:20px !important;font-family:\"Libre Caslon Text\", Sans-serif !important;}@media screen and (max-width:999px){.stk-97ce333 .stk-block-heading__text{font-size:20px !important;}}<\/style><h1 class=\"stk-block-heading__text\"><strong><strong>Papeles y Sustratos de Alta Gama<\/strong><\/strong><\/h1><\/div>\n\n\n\n<div class=\"wp-block-stackable-text stk-block-text stk-block stk-16f7c9d\" data-block-id=\"16f7c9d\"><style>.stk-16f7c9d {margin-bottom:30px !important;}.stk-16f7c9d .stk-block-text__text{font-size:12px !important;color:#0f0e17 !important;font-family:\"Libre Caslon Text\", Sans-serif !important;}@media screen and (max-width:999px){.stk-16f7c9d .stk-block-text__text{font-size:12px !important;}}<\/style><p class=\"stk-block-text__text has-text-color has-text-align-left\"> *<strong>Papel de Protecci\u00f3n:<\/strong> Esencial para calandras, protegiendo el fieltro de la impresi\u00f3n fantasma.<br><br> *<strong>Papeles de Transferencia Felix Schoeller:<\/strong> Tecnolog\u00eda alemana que permite la m\u00e1xima liberaci\u00f3n de tinta al sustrato, ahorrando costos a largo plazo. <br><br>Disponibles en bobinas jumbo y formatos para plotter, garantizando un secado r\u00e1pido y menor consumo de tinta.<br><br><strong> *Blanks Sublimables:<\/strong> Stock permanente de tomatodos de 600ml y 1200ml con doble tapa, tazas de cer\u00e1mica grado AAA y m\u00e1s.<\/p><\/div>\n\n\n\n<div class=\"wp-block-stackable-button-group stk-block-button-group stk-block stk-24a23dd\" data-block-id=\"24a23dd\"><div class=\"stk-row stk-inner-blocks stk-block-content stk-button-group\">\n<div class=\"wp-block-stackable-button stk-block-button stk-block stk-1e261c3\" data-block-id=\"1e261c3\"><style>.stk-1e261c3 .stk-button__inner-text{font-size:12px !important;font-family:\"Libre Caslon Text\", Sans-serif !important;}@media screen and (max-width:999px){.stk-1e261c3 .stk-button__inner-text{font-size:12px !important;}}<\/style><a class=\"stk-link stk-button stk--hover-effect-darken\" href=\"https:\/\/jpdigital.com.ec\/index.php\/productos\/\"><span class=\"stk-button__inner-text\"><strong>Tienda<\/strong><\/span><\/a><\/div>\n<\/div><\/div>\n<\/div><\/div><\/div>\n<\/div><\/div>\n\n\n\n<div class=\"wp-block-stackable-columns stk-block-columns stk-block stk-ba5b614\" data-block-id=\"ba5b614\"><style>.stk-ba5b614 .stk--block-align-ba5b614{align-items:center !important;}.stk-ba5b614 {margin-top:-40px !important;margin-bottom:0px !important;}<\/style><div class=\"stk-row stk-inner-blocks stk--block-align-ba5b614 stk-block-content stk-content-align stk-ba5b614-column\">\n<div class=\"wp-block-stackable-column stk-block-column stk-column stk-block stk-5aede87 stk-block-background\" data-v=\"4\" data-block-id=\"5aede87\"><div class=\"stk-column-wrapper stk-block-column__content stk-container stk-5aede87-container stk--no-background stk--no-padding\"><div class=\"stk-block-content stk-inner-blocks stk-5aede87-inner-blocks\">\n<div class=\"wp-block-stackable-heading stk-block-heading stk-block-heading--v2 stk-block stk-bf7c9e2\" id=\"strong-fotoproductos-sublimables-strong\" data-block-id=\"bf7c9e2\"><style>.stk-bf7c9e2 {margin-bottom:30px !important;}.stk-bf7c9e2 .stk-block-heading__text{font-size:20px !important;font-family:\"Libre Caslon Text\", Sans-serif !important;}@media screen and (max-width:999px){.stk-bf7c9e2 .stk-block-heading__text{font-size:20px !important;}}<\/style><h1 class=\"stk-block-heading__text\"><strong>Fotoproductos Sublimables<\/strong><\/h1><\/div>\n\n\n\n<div class=\"wp-block-stackable-text stk-block-text stk-block stk-40caece\" data-block-id=\"40caece\"><style>.stk-40caece {margin-bottom:30px !important;}.stk-40caece .stk-block-text__text{font-size:12px !important;color:#0f0e17 !important;font-family:\"Libre Caslon Text\", Sans-serif !important;}@media screen and (max-width:999px){.stk-40caece .stk-block-text__text{font-size:12px !important;}}<\/style><p class=\"stk-block-text__text has-text-color has-text-align-left\">Descubre nuestra l\u00ednea de fotoproductos para sublimaci\u00f3n, ideales para la personalizaci\u00f3n de tazas, camisetas de poli\u00e9ster, termos, cojines y art\u00edculos promocionales. Dise\u00f1ados para ofrecer colores vibrantes y una impresi\u00f3n duradera, estos productos son perfectos para regalos personalizados, emprendimientos creativos y negocios de impresi\u00f3n por sublimaci\u00f3n.<\/p><\/div>\n\n\n\n<div class=\"wp-block-stackable-button-group stk-block-button-group stk-block stk-ca61d00\" data-block-id=\"ca61d00\"><div class=\"stk-row stk-inner-blocks stk-block-content stk-button-group\">\n<div class=\"wp-block-stackable-button stk-block-button stk-block stk-09d799f\" data-block-id=\"09d799f\"><style>.stk-09d799f .stk-button__inner-text{font-size:12px !important;font-family:\"Libre Caslon Text\", Sans-serif !important;}@media screen and (max-width:999px){.stk-09d799f .stk-button__inner-text{font-size:12px !important;}}<\/style><a class=\"stk-link stk-button stk--hover-effect-darken\" href=\"https:\/\/jpdigital.com.ec\/index.php\/productos\/\"><span class=\"stk-button__inner-text\"><strong>Tienda<\/strong><\/span><\/a><\/div>\n<\/div><\/div>\n<\/div><\/div><\/div>\n\n\n\n<div class=\"wp-block-stackable-column stk-block-column stk-column stk-block stk-dae4dc0\" data-v=\"4\" data-block-id=\"dae4dc0\"><div class=\"stk-column-wrapper stk-block-column__content stk-container stk-dae4dc0-container stk--no-background stk--no-padding\"><div class=\"stk-block-content stk-inner-blocks stk-dae4dc0-inner-blocks\">\n<figure class=\"wp-block-image size-full\"><img decoding=\"async\" width=\"560\" height=\"560\" src=\"https:\/\/jpdigital.com.ec\/wp-content\/uploads\/2026\/01\/fotoproductos_web.png\" alt=\"\" class=\"wp-image-4408\" srcset=\"https:\/\/jpdigital.com.ec\/wp-content\/uploads\/2026\/01\/fotoproductos_web.png 560w, https:\/\/jpdigital.com.ec\/wp-content\/uploads\/2026\/01\/fotoproductos_web-300x300.png 300w, https:\/\/jpdigital.com.ec\/wp-content\/uploads\/2026\/01\/fotoproductos_web-150x150.png 150w, https:\/\/jpdigital.com.ec\/wp-content\/uploads\/2026\/01\/fotoproductos_web-100x100.png 100w\" sizes=\"(max-width: 560px) 100vw, 560px\" \/><\/figure>\n<\/div><\/div><\/div>\n<\/div><\/div>\n\n\n\n<div class=\"wp-block-stackable-columns stk-block-columns stk-block stk-14e96b4\" data-block-id=\"14e96b4\"><style>.stk-14e96b4 .stk--block-align-14e96b4{align-items:center !important;}.stk-14e96b4 {margin-top:-40px !important;}<\/style><div class=\"stk-row stk-inner-blocks stk--block-align-14e96b4 stk-block-content stk-content-align stk-14e96b4-column\">\n<div class=\"wp-block-stackable-column stk-block-column stk-column stk-block stk-72eed0e\" data-v=\"4\" data-block-id=\"72eed0e\"><div class=\"stk-column-wrapper stk-block-column__content stk-container stk-72eed0e-container stk--no-background stk--no-padding\"><div class=\"stk-block-content stk-inner-blocks stk-72eed0e-inner-blocks\">\n<figure class=\"wp-block-image size-full\"><img loading=\"lazy\" decoding=\"async\" width=\"560\" height=\"560\" src=\"https:\/\/jpdigital.com.ec\/wp-content\/uploads\/2026\/01\/vinil_web.png\" alt=\"\" class=\"wp-image-4409\" srcset=\"https:\/\/jpdigital.com.ec\/wp-content\/uploads\/2026\/01\/vinil_web.png 560w, https:\/\/jpdigital.com.ec\/wp-content\/uploads\/2026\/01\/vinil_web-300x300.png 300w, https:\/\/jpdigital.com.ec\/wp-content\/uploads\/2026\/01\/vinil_web-150x150.png 150w, https:\/\/jpdigital.com.ec\/wp-content\/uploads\/2026\/01\/vinil_web-100x100.png 100w\" sizes=\"(max-width: 560px) 100vw, 560px\" \/><\/figure>\n<\/div><\/div><\/div>\n\n\n\n<div class=\"wp-block-stackable-column stk-block-column stk-column stk-block stk-11ebe0a stk-block-background\" data-v=\"4\" data-block-id=\"11ebe0a\"><div class=\"stk-column-wrapper stk-block-column__content stk-container stk-11ebe0a-container stk--no-background stk--no-padding\"><div class=\"stk-block-content stk-inner-blocks stk-11ebe0a-inner-blocks\">\n<div class=\"wp-block-stackable-heading stk-block-heading stk-block-heading--v2 stk-block stk-92911b7\" id=\"strong-vinil-textil-strong\" data-block-id=\"92911b7\"><style>.stk-92911b7 {margin-bottom:30px !important;}.stk-92911b7 .stk-block-heading__text{font-size:20px !important;font-family:\"Libre Caslon Text\", Sans-serif !important;}@media screen and (max-width:999px){.stk-92911b7 .stk-block-heading__text{font-size:20px !important;}}<\/style><h1 class=\"stk-block-heading__text\"><strong>Vinil Textil<\/strong><\/h1><\/div>\n\n\n\n<div class=\"wp-block-stackable-text stk-block-text stk-block stk-1b70c33\" data-block-id=\"1b70c33\"><style>.stk-1b70c33 {margin-bottom:30px !important;}.stk-1b70c33 .stk-block-text__text{font-size:12px !important;color:#0f0e17 !important;font-family:\"Libre Caslon Text\", Sans-serif !important;}@media screen and (max-width:999px){.stk-1b70c33 .stk-block-text__text{font-size:12px !important;}}<\/style><p class=\"stk-block-text__text has-text-color has-text-align-left\">Encuentra todo lo necesario para trabajar con vinil en personalizaci\u00f3n textil y decorativa. Contamos con vinil textil y vinil adhesivo ideal para camisetas, sudaderas, gorras, bolsas y superficies r\u00edgidas. El vinil ofrece gran adherencia, versatilidad y acabados profesionales, siendo una excelente opci\u00f3n para crear dise\u00f1os personalizados, logotipos, se\u00f1alizaci\u00f3n y proyectos publicitarios.<\/p><\/div>\n\n\n\n<div class=\"wp-block-stackable-button-group stk-block-button-group stk-block stk-aaeda0f\" data-block-id=\"aaeda0f\"><div class=\"stk-row stk-inner-blocks stk-block-content stk-button-group\">\n<div class=\"wp-block-stackable-button stk-block-button stk-block stk-6fcd3fe\" data-block-id=\"6fcd3fe\"><style>.stk-6fcd3fe .stk-button__inner-text{font-size:12px !important;font-family:\"Libre Caslon Text\", Sans-serif !important;}@media screen and (max-width:999px){.stk-6fcd3fe .stk-button__inner-text{font-size:12px !important;}}<\/style><a class=\"stk-link stk-button stk--hover-effect-darken\" href=\"https:\/\/jpdigital.com.ec\/index.php\/productos\/\"><span class=\"stk-button__inner-text\"><strong>Tienda<\/strong><\/span><\/a><\/div>\n<\/div><\/div>\n<\/div><\/div><\/div>\n<\/div><\/div>\n","protected":false},"excerpt":{"rendered":"<p>Suministros Originales para Producci\u00f3n Continua Tintas Epson UltraChrome\u2122 Distribuimos exclusivamente tintas genuinas para garantizar la certificaci\u00f3n OEKO-TEX\u00ae ECO PASSPORT, asegurando que tus impresiones sean seguras incluso para beb\u00e9s. *UltraChrome DS: Para sublimaci\u00f3n, con negros de alta densidad (HDK) y colores vibrantes. *UltraChrome DG2\/DF: Para DTG y DTF, optimizadas para evitar craquelado en prendas. Tienda Papeles [&hellip;]<\/p>\n","protected":false},"author":1,"featured_media":0,"parent":0,"menu_order":0,"comment_status":"closed","ping_status":"closed","template":"","meta":{"footnotes":""},"class_list":["post-3918","page","type-page","status-publish","hentry"],"blocksy_meta":[],"_links":{"self":[{"href":"https:\/\/jpdigital.com.ec\/index.php\/wp-json\/wp\/v2\/pages\/3918","targetHints":{"allow":["GET"]}}],"collection":[{"href":"https:\/\/jpdigital.com.ec\/index.php\/wp-json\/wp\/v2\/pages"}],"about":[{"href":"https:\/\/jpdigital.com.ec\/index.php\/wp-json\/wp\/v2\/types\/page"}],"author":[{"embeddable":true,"href":"https:\/\/jpdigital.com.ec\/index.php\/wp-json\/wp\/v2\/users\/1"}],"replies":[{"embeddable":true,"href":"https:\/\/jpdigital.com.ec\/index.php\/wp-json\/wp\/v2\/comments?post=3918"}],"version-history":[{"count":16,"href":"https:\/\/jpdigital.com.ec\/index.php\/wp-json\/wp\/v2\/pages\/3918\/revisions"}],"predecessor-version":[{"id":4550,"href":"https:\/\/jpdigital.com.ec\/index.php\/wp-json\/wp\/v2\/pages\/3918\/revisions\/4550"}],"wp:attachment":[{"href":"https:\/\/jpdigital.com.ec\/index.php\/wp-json\/wp\/v2\/media?parent=3918"}],"curies":[{"name":"wp","href":"https:\/\/api.w.org\/{rel}","templated":true}]}}