{"id":3922,"date":"2025-12-16T14:37:39","date_gmt":"2025-12-16T19:37:39","guid":{"rendered":"https:\/\/jpdigital.com.ec\/?page_id=3922"},"modified":"2026-01-10T23:56:59","modified_gmt":"2026-01-11T04:56:59","slug":"financiamiento","status":"publish","type":"page","link":"https:\/\/jpdigital.com.ec\/index.php\/financiamiento\/","title":{"rendered":"Financiamiento"},"content":{"rendered":"\n<div class=\"wp-block-stackable-heading stk-block-heading stk-block-heading--v2 stk-block stk-707a1e0\" id=\"strong-opciones-de-pago-y-financiamiento-jp-digital-strong\" data-block-id=\"707a1e0\"><style>.stk-707a1e0 .stk-block-heading__text{font-size:20px !important;color:#0f0e17 !important;font-family:\"Libre Caslon Text\", Sans-serif !important;}@media screen and (max-width:999px){.stk-707a1e0 .stk-block-heading__text{font-size:20px !important;}}<\/style><h1 class=\"stk-block-heading__text has-text-color has-text-align-center\"><strong>Opciones de Pago y Financiamiento JP Digital<\/strong><\/h1><\/div>\n\n\n\n<div class=\"wp-block-stackable-columns stk-block-columns stk-block stk-418991e\" data-block-id=\"418991e\"><style>.stk-418991e {margin-bottom:50px !important;}.stk-418991e-column{--stk-column-gap:30px !important;row-gap:30px !important;}<\/style><div class=\"stk-row stk-inner-blocks stk-block-content stk-content-align stk-418991e-column\">\n<div class=\"wp-block-stackable-column stk-block-column stk-column stk-block stk-cff3390 stk-block-background\" data-v=\"4\" data-block-id=\"cff3390\"><style>.stk-cff3390-container{margin-top:0px !important;margin-right:0px !important;margin-bottom:0px !important;margin-left:0px !important;}.stk-cff3390 {background-color:var(--theme-palette-color-4, #131117) !important;padding-top:75px !important;padding-right:75px !important;padding-bottom:75px !important;padding-left:75px !important;}.stk-cff3390:hover{background-color:var(--theme-palette-color-1, #e8363c) !important;}.stk-cff3390:before{background-color:var(--theme-palette-color-4, #131117) !important;}.stk-cff3390:hover:before{background-color:var(--theme-palette-color-1, #e8363c) !important;}@media screen and (max-width:999px){.stk-cff3390 {padding-top:35px !important;padding-right:35px !important;padding-bottom:35px !important;padding-left:35px !important;}}<\/style><div class=\"stk-column-wrapper stk-block-column__content stk-container stk-cff3390-container stk--no-background stk--no-padding\"><div class=\"stk-block-content stk-inner-blocks stk-cff3390-inner-blocks\">\n<div class=\"wp-block-stackable-icon-box stk-block-icon-box stk-block stk-a762e8a\" data-v=\"2\" data-block-id=\"a762e8a\"><div class=\"stk-block-content stk-inner-blocks stk-block-icon-box__content stk-container stk-a762e8a-container stk--no-background stk--no-padding\">\n<div class=\"wp-block-stackable-icon-label stk-block-icon-label stk-block stk-ae24e2b\" data-block-id=\"ae24e2b\"><style>.stk-ae24e2b .stk-inner-blocks{gap:40px !important;}.stk-ae24e2b {margin-bottom:30px !important;}@media screen and (max-width:999px){.stk-ae24e2b .stk-inner-blocks{gap:50px !important;}.stk-ae24e2b {margin-bottom:20px !important;}}@media screen and (max-width:689px){.stk-ae24e2b .stk-inner-blocks{gap:50px !important;}}<\/style><div class=\"stk-row stk-inner-blocks stk-block-content\">\n<div class=\"wp-block-stackable-icon stk-block-icon has-text-align-left stk-block stk-bf6889c\" data-block-id=\"bf6889c\"><style>.stk-bf6889c .stk--svg-wrapper .stk--inner-svg svg:last-child{height:40px !important;width:40px !important;}.stk-bf6889c .stk--svg-wrapper .stk--inner-svg svg:last-child, .stk-bf6889c .stk--svg-wrapper .stk--inner-svg svg:last-child :is(g, path, rect, polygon, ellipse){fill:var(--theme-palette-color-8, #ffffff) !important;}@media screen and (max-width:999px){.stk-bf6889c .stk--svg-wrapper .stk--inner-svg svg:last-child{height:30px !important;width:30px !important;}}<\/style><span class=\"stk--svg-wrapper\"><div class=\"stk--inner-svg\"><svg style=\"height:0;width:0\"><defs><linearGradient id=\"linear-gradient-bf6889c\" x1=\"0\" x2=\"100%\" y1=\"0\" y2=\"0\"><stop offset=\"0%\" style=\"stop-opacity:1;stop-color:var(--linear-gradient-bf-6889-c-color-1)\"><\/stop><stop offset=\"100%\" style=\"stop-opacity:1;stop-color:var(--linear-gradient-bf-6889-c-color-2)\"><\/stop><\/linearGradient><\/defs><\/svg><svg xmlns=\"http:\/\/www.w3.org\/2000\/svg\" viewBox=\"0 0 512 512\" aria-hidden=\"true\" width=\"32\" height=\"32\"><path d=\"M320 64A64 64 0 1 0 192 64a64 64 0 1 0 128 0zm-96 96c-35.3 0-64 28.7-64 64v48c0 17.7 14.3 32 32 32h1.8l11.1 99.5c1.8 16.2 15.5 28.5 31.8 28.5h38.7c16.3 0 30-12.3 31.8-28.5L318.2 304H320c17.7 0 32-14.3 32-32V224c0-35.3-28.7-64-64-64H224zM132.3 394.2c13-2.4 21.7-14.9 19.3-27.9s-14.9-21.7-27.9-19.3c-32.4 5.9-60.9 14.2-82 24.8c-10.5 5.3-20.3 11.7-27.8 19.6C6.4 399.5 0 410.5 0 424c0 21.4 15.5 36.1 29.1 45c14.7 9.6 34.3 17.3 56.4 23.4C130.2 504.7 190.4 512 256 512s125.8-7.3 170.4-19.6c22.1-6.1 41.8-13.8 56.4-23.4c13.7-8.9 29.1-23.6 29.1-45c0-13.5-6.4-24.5-14-32.6c-7.5-7.9-17.3-14.3-27.8-19.6c-21-10.6-49.5-18.9-82-24.8c-13-2.4-25.5 6.3-27.9 19.3s6.3 25.5 19.3 27.9c30.2 5.5 53.7 12.8 69 20.5c3.2 1.6 5.8 3.1 7.9 4.5c3.6 2.4 3.6 7.2 0 9.6c-8.8 5.7-23.1 11.8-43 17.3C374.3 457 318.5 464 256 464s-118.3-7-157.7-17.9c-19.9-5.5-34.2-11.6-43-17.3c-3.6-2.4-3.6-7.2 0-9.6c2.1-1.4 4.8-2.9 7.9-4.5c15.3-7.7 38.8-14.9 69-20.5z\"\/><\/svg><\/div><\/span><\/div>\n\n\n\n<div class=\"wp-block-stackable-heading stk-block-heading stk-block-heading--v2 stk-block stk-fcbb7d5\" id=\"servicio-tecnico-t\" data-block-id=\"fcbb7d5\"><style>.stk-fcbb7d5 .stk-block-heading__text{font-size:14px !important;color:var(--theme-palette-color-8, #ffffff) !important;font-family:\"Libre Caslon Text\", Sans-serif !important;}@media screen and (max-width:999px){.stk-fcbb7d5 .stk-block-heading__text{font-size:20px !important;}}<\/style><h4 class=\"stk-block-heading__text has-text-color has-palette-color-8-color stk-block-heading--use-theme-margins\"><strong>Flexibilidad para tu Inversi\u00f3n Tecnol\u00f3gica <\/strong><\/h4><\/div>\n<\/div><\/div>\n\n\n\n<div class=\"wp-block-stackable-text stk-block-text stk-block stk-1536ed4\" data-block-id=\"1536ed4\"><style>.stk-1536ed4 {padding-left:80px !important;}.stk-1536ed4 .stk-block-text__text{font-size:12px !important;color:var(--theme-palette-color-8, #ffffff) !important;font-family:\"Libre Caslon Text\", Sans-serif !important;}@media screen and (max-width:999px){.stk-1536ed4 {padding-left:60px !important;}.stk-1536ed4 .stk-block-text__text{font-size:12px !important;}}<\/style><p class=\"stk-block-text__text has-text-color has-palette-color-8-color has-text-align-left\">En JP Digital entendemos que la liquidez es vital para el crecimiento de tu taller o industria. Por eso, hemos diversificado nuestras modalidades de cobro para adaptarnos a tu flujo de caja.<\/p><\/div>\n<\/div><\/div>\n<\/div><\/div><\/div>\n\n\n\n<div class=\"wp-block-stackable-column stk-block-column stk-column stk-block stk-5b50b0d stk-block-background\" data-v=\"4\" data-block-id=\"5b50b0d\"><style>.stk-5b50b0d-container{margin-top:0px !important;margin-right:0px !important;margin-bottom:0px !important;margin-left:0px !important;}.stk-5b50b0d {background-color:var(--theme-palette-color-4, #131117) !important;padding-top:75px !important;padding-right:75px !important;padding-bottom:75px !important;padding-left:75px !important;}.stk-5b50b0d:hover{background-color:var(--theme-palette-color-1, #e8363c) !important;}.stk-5b50b0d:before{background-color:var(--theme-palette-color-4, #131117) !important;}.stk-5b50b0d:hover:before{background-color:var(--theme-palette-color-1, #e8363c) !important;}@media screen and (max-width:999px){.stk-5b50b0d {padding-top:35px !important;padding-right:35px !important;padding-bottom:35px !important;padding-left:35px !important;}}<\/style><div class=\"stk-column-wrapper stk-block-column__content stk-container stk-5b50b0d-container stk--no-background stk--no-padding\"><div class=\"stk-block-content stk-inner-blocks stk-5b50b0d-inner-blocks\">\n<div class=\"wp-block-stackable-icon-box stk-block-icon-box stk-block stk-adf8c36\" data-v=\"2\" data-block-id=\"adf8c36\"><div class=\"stk-block-content stk-inner-blocks stk-block-icon-box__content stk-container stk-adf8c36-container stk--no-background stk--no-padding\">\n<div class=\"wp-block-stackable-icon-label stk-block-icon-label stk-block stk-71fb7ce\" data-block-id=\"71fb7ce\"><style>.stk-71fb7ce {margin-bottom:30px !important;}<\/style><div class=\"stk-row stk-inner-blocks stk-block-content\">\n<div class=\"wp-block-stackable-icon stk-block-icon has-text-align-left stk-block stk-951bde4\" data-block-id=\"951bde4\"><span class=\"stk--svg-wrapper\"><div class=\"stk--inner-svg\"><svg style=\"height:0;width:0\"><defs><linearGradient id=\"linear-gradient-951bde4\" x1=\"0\" x2=\"100%\" y1=\"0\" y2=\"0\"><stop offset=\"0%\" style=\"stop-opacity:1;stop-color:var(--linear-gradient-951-bde-4-color-1)\"><\/stop><stop offset=\"100%\" style=\"stop-opacity:1;stop-color:var(--linear-gradient-951-bde-4-color-2)\"><\/stop><\/linearGradient><\/defs><\/svg><svg xmlns=\"http:\/\/www.w3.org\/2000\/svg\" viewBox=\"0 0 576 512\" aria-hidden=\"true\" width=\"32\" height=\"32\"><path d=\"M470.1 231.3s7.6 37.2 9.3 45H446c3.3-8.9 16-43.5 16-43.5-.2.3 3.3-9.1 5.3-14.9l2.8 13.4zM576 80v352c0 26.5-21.5 48-48 48H48c-26.5 0-48-21.5-48-48V80c0-26.5 21.5-48 48-48h480c26.5 0 48 21.5 48 48zM152.5 331.2L215.7 176h-42.5l-39.3 106-4.3-21.5-14-71.4c-2.3-9.9-9.4-12.7-18.2-13.1H32.7l-.7 3.1c15.8 4 29.9 9.8 42.2 17.1l35.8 135h42.5zm94.4.2L272.1 176h-40.2l-25.1 155.4h40.1zm139.9-50.8c.2-17.7-10.6-31.2-33.7-42.3-14.1-7.1-22.7-11.9-22.7-19.2.2-6.6 7.3-13.4 23.1-13.4 13.1-.3 22.7 2.8 29.9 5.9l3.6 1.7 5.5-33.6c-7.9-3.1-20.5-6.6-36-6.6-39.7 0-67.6 21.2-67.8 51.4-.3 22.3 20 34.7 35.2 42.2 15.5 7.6 20.8 12.6 20.8 19.3-.2 10.4-12.6 15.2-24.1 15.2-16 0-24.6-2.5-37.7-8.3l-5.3-2.5-5.6 34.9c9.4 4.3 26.8 8.1 44.8 8.3 42.2.1 69.7-20.8 70-53zM528 331.4L495.6 176h-31.1c-9.6 0-16.9 2.8-21 12.9l-59.7 142.5H426s6.9-19.2 8.4-23.3H486c1.2 5.5 4.8 23.3 4.8 23.3H528z\"\/><\/svg><\/div><\/span><\/div>\n\n\n\n<div class=\"wp-block-stackable-heading stk-block-heading stk-block-heading--v2 stk-block stk-b2ab183\" id=\"span-style-color-fffffe-class-stk-highlight-strong-formas-de-pago-strong-span\" data-block-id=\"b2ab183\"><style>.stk-b2ab183 .stk-block-heading__text{font-size:14px !important;font-family:\"Libre Caslon Text\", Sans-serif !important;}@media screen and (max-width:999px){.stk-b2ab183 .stk-block-heading__text{font-size:14px !important;}}<\/style><h4 class=\"stk-block-heading__text\"><span style=\"color: #fffffe;\" class=\"stk-highlight\"><strong>Formas de Pago<\/strong><\/span><\/h4><\/div>\n<\/div><\/div>\n\n\n\n<div class=\"wp-block-stackable-text stk-block-text stk-block stk-fdc602a\" data-block-id=\"fdc602a\"><style>.stk-fdc602a .stk-block-text__text{font-size:12px !important;color:#ffffff !important;font-family:\"Libre Caslon Text\", Sans-serif !important;}@media screen and (max-width:999px){.stk-fdc602a .stk-block-text__text{font-size:12px !important;}}<\/style><p class=\"stk-block-text__text has-text-color has-text-align-left\">Aceptamos todas las formas de pago principales para la compra de equipos Epson, Monti Antonio e insumos:<br><br> <strong>*Pago de Contado: <\/strong>Efectivo y Transferencia Bancaria (Pichincha, Guayaquil, Produbanco, etc.).<br><br><strong> *Cheques:<\/strong> Aceptamos cheques certificados (sujeto a verificaci\u00f3n).<br><br>  <strong>*Tarjetas de Cr\u00e9dito:<\/strong> Difiere tu compra con tu tarjeta preferida.<\/p><\/div>\n<\/div><\/div>\n<\/div><\/div><\/div>\n<\/div><\/div>\n\n\n\n<div class=\"wp-block-stackable-columns stk-block-columns stk-block stk-c41b962\" data-block-id=\"c41b962\"><style>.stk-c41b962 {margin-bottom:50px !important;}.stk-c41b962-column{--stk-column-gap:30px !important;row-gap:30px !important;}<\/style><div class=\"stk-row stk-inner-blocks stk-block-content stk-content-align stk-c41b962-column\">\n<div class=\"wp-block-stackable-column stk-block-column stk-column stk-block stk-4672871 stk-block-background\" data-v=\"4\" data-block-id=\"4672871\"><style>.stk-4672871-container{margin-top:0px !important;margin-right:0px !important;margin-bottom:0px !important;margin-left:0px !important;}.stk-4672871 {background-color:var(--theme-palette-color-4, #131117) !important;padding-top:75px !important;padding-right:75px !important;padding-bottom:75px !important;padding-left:75px !important;}.stk-4672871:hover{background-color:var(--theme-palette-color-1, #e8363c) !important;}.stk-4672871:before{background-color:var(--theme-palette-color-4, #131117) !important;}.stk-4672871:hover:before{background-color:var(--theme-palette-color-1, #e8363c) !important;}@media screen and (max-width:999px){.stk-4672871 {padding-top:35px !important;padding-right:35px !important;padding-bottom:35px !important;padding-left:35px !important;}}<\/style><div class=\"stk-column-wrapper stk-block-column__content stk-container stk-4672871-container stk--no-background stk--no-padding\"><div class=\"stk-block-content stk-inner-blocks stk-4672871-inner-blocks\">\n<div class=\"wp-block-stackable-icon-box stk-block-icon-box stk-block stk-6eab4b0\" data-v=\"2\" data-block-id=\"6eab4b0\"><div class=\"stk-block-content stk-inner-blocks stk-block-icon-box__content stk-container stk-6eab4b0-container stk--no-background stk--no-padding\">\n<div class=\"wp-block-stackable-icon-label stk-block-icon-label stk-block stk-2b7e067\" data-block-id=\"2b7e067\"><style>.stk-2b7e067 .stk-inner-blocks{gap:40px !important;}.stk-2b7e067 {margin-bottom:30px !important;}@media screen and (max-width:999px){.stk-2b7e067 .stk-inner-blocks{gap:50px !important;}.stk-2b7e067 {margin-bottom:20px !important;}}@media screen and (max-width:689px){.stk-2b7e067 .stk-inner-blocks{gap:50px !important;}}<\/style><div class=\"stk-row stk-inner-blocks stk-block-content\">\n<div class=\"wp-block-stackable-icon stk-block-icon has-text-align-left stk-block stk-80a5459\" data-block-id=\"80a5459\"><style>.stk-80a5459 .stk--svg-wrapper .stk--inner-svg svg:last-child{height:40px !important;width:40px !important;}.stk-80a5459 .stk--svg-wrapper .stk--inner-svg svg:last-child, .stk-80a5459 .stk--svg-wrapper .stk--inner-svg svg:last-child :is(g, path, rect, polygon, ellipse){fill:var(--theme-palette-color-8, #ffffff) !important;}@media screen and (max-width:999px){.stk-80a5459 .stk--svg-wrapper .stk--inner-svg svg:last-child{height:30px !important;width:30px !important;}}<\/style><span class=\"stk--svg-wrapper\"><div class=\"stk--inner-svg\"><svg style=\"height:0;width:0\"><defs><linearGradient id=\"linear-gradient-80a5459\" x1=\"0\" x2=\"100%\" y1=\"0\" y2=\"0\"><stop offset=\"0%\" style=\"stop-opacity:1;stop-color:var(--linear-gradient-80-a-5459-color-1)\"><\/stop><stop offset=\"100%\" style=\"stop-opacity:1;stop-color:var(--linear-gradient-80-a-5459-color-2)\"><\/stop><\/linearGradient><\/defs><\/svg><svg xmlns=\"http:\/\/www.w3.org\/2000\/svg\" viewBox=\"0 0 576 512\" aria-hidden=\"true\" width=\"32\" height=\"32\"><path d=\"M112 112c0 35.3-28.7 64-64 64V336c35.3 0 64 28.7 64 64H464c0-35.3 28.7-64 64-64V176c-35.3 0-64-28.7-64-64H112zM0 128C0 92.7 28.7 64 64 64H512c35.3 0 64 28.7 64 64V384c0 35.3-28.7 64-64 64H64c-35.3 0-64-28.7-64-64V128zM176 256a112 112 0 1 1 224 0 112 112 0 1 1 -224 0zm80-48c0 8.8 7.2 16 16 16v64h-8c-8.8 0-16 7.2-16 16s7.2 16 16 16h24 24c8.8 0 16-7.2 16-16s-7.2-16-16-16h-8V208c0-8.8-7.2-16-16-16H272c-8.8 0-16 7.2-16 16z\"\/><\/svg><\/div><\/span><\/div>\n\n\n\n<div class=\"wp-block-stackable-heading stk-block-heading stk-block-heading--v2 stk-block stk-1b9501d\" id=\"servicio-tecnico-t\" data-block-id=\"1b9501d\"><style>.stk-1b9501d .stk-block-heading__text{font-size:14px !important;color:var(--theme-palette-color-8, #ffffff) !important;font-family:\"Libre Caslon Text\", Sans-serif !important;}@media screen and (max-width:999px){.stk-1b9501d .stk-block-heading__text{font-size:20px !important;}}<\/style><h4 class=\"stk-block-heading__text has-text-color has-palette-color-8-color stk-block-heading--use-theme-margins\"><strong>Cr\u00e9dito Directo JP Digital <\/strong><\/h4><\/div>\n<\/div><\/div>\n\n\n\n<div class=\"wp-block-stackable-text stk-block-text stk-block stk-fd90c02\" data-block-id=\"fd90c02\"><style>.stk-fd90c02 {padding-left:80px !important;}.stk-fd90c02 .stk-block-text__text{font-size:12px !important;color:#ffffff !important;font-family:\"Libre Caslon Text\", Sans-serif !important;}@media screen and (max-width:999px){.stk-fd90c02 {padding-left:60px !important;}.stk-fd90c02 .stk-block-text__text{font-size:12px !important;}}<\/style><p class=\"stk-block-text__text has-text-color has-palette-color-8-color has-text-align-left\">Impulsa tu capacidad productiva hoy y paga mientras trabajas. Ofrecemos un plan de Cr\u00e9dito Directo dise\u00f1ado para emprendedores y empresas establecidas, ideal para la adquisici\u00f3n de plotters de sublimaci\u00f3n, equipos DTF o planchas industriales.<\/p><\/div>\n<\/div><\/div>\n<\/div><\/div><\/div>\n\n\n\n<div class=\"wp-block-stackable-column stk-block-column stk-column stk-block stk-840c78d stk-block-background\" data-v=\"4\" data-block-id=\"840c78d\"><style>.stk-840c78d-container{margin-top:0px !important;margin-right:0px !important;margin-bottom:0px !important;margin-left:0px !important;}.stk-840c78d {background-color:var(--theme-palette-color-4, #131117) !important;padding-top:75px !important;padding-right:75px !important;padding-bottom:75px !important;padding-left:75px !important;}.stk-840c78d:hover{background-color:var(--theme-palette-color-1, #e8363c) !important;}.stk-840c78d:before{background-color:var(--theme-palette-color-4, #131117) !important;}.stk-840c78d:hover:before{background-color:var(--theme-palette-color-1, #e8363c) !important;}@media screen and (max-width:999px){.stk-840c78d {padding-top:35px !important;padding-right:35px !important;padding-bottom:35px !important;padding-left:35px !important;}}<\/style><div class=\"stk-column-wrapper stk-block-column__content stk-container stk-840c78d-container stk--no-background stk--no-padding\"><div class=\"stk-block-content stk-inner-blocks stk-840c78d-inner-blocks\">\n<div class=\"wp-block-stackable-icon-box stk-block-icon-box stk-block stk-b897b68\" data-v=\"2\" data-block-id=\"b897b68\"><div class=\"stk-block-content stk-inner-blocks stk-block-icon-box__content stk-container stk-b897b68-container stk--no-background stk--no-padding\">\n<div class=\"wp-block-stackable-icon-label stk-block-icon-label stk-block stk-e68cfba\" data-block-id=\"e68cfba\"><style>.stk-e68cfba {margin-bottom:30px !important;}<\/style><div class=\"stk-row stk-inner-blocks stk-block-content\">\n<div class=\"wp-block-stackable-icon stk-block-icon has-text-align-left stk-block stk-94c4251\" data-block-id=\"94c4251\"><span class=\"stk--svg-wrapper\"><div class=\"stk--inner-svg\"><svg style=\"height:0;width:0\"><defs><linearGradient id=\"linear-gradient-94c4251\" x1=\"0\" x2=\"100%\" y1=\"0\" y2=\"0\"><stop offset=\"0%\" style=\"stop-opacity:1;stop-color:var(--linear-gradient-94-c-4251-color-1)\"><\/stop><stop offset=\"100%\" style=\"stop-opacity:1;stop-color:var(--linear-gradient-94-c-4251-color-2)\"><\/stop><\/linearGradient><\/defs><\/svg><svg xmlns=\"http:\/\/www.w3.org\/2000\/svg\" viewBox=\"0 0 384 512\" aria-hidden=\"true\" width=\"32\" height=\"32\"><path d=\"M111.4 295.9c-3.5 19.2-17.4 108.7-21.5 134-.3 1.8-1 2.5-3 2.5H12.3c-7.6 0-13.1-6.6-12.1-13.9L58.8 46.6c1.5-9.6 10.1-16.9 20-16.9 152.3 0 165.1-3.7 204 11.4 60.1 23.3 65.6 79.5 44 140.3-21.5 62.6-72.5 89.5-140.1 90.3-43.4.7-69.5-7-75.3 24.2zM357.1 152c-1.8-1.3-2.5-1.8-3 1.3-2 11.4-5.1 22.5-8.8 33.6-39.9 113.8-150.5 103.9-204.5 103.9-6.1 0-10.1 3.3-10.9 9.4-22.6 140.4-27.1 169.7-27.1 169.7-1 7.1 3.5 12.9 10.6 12.9h63.5c8.6 0 15.7-6.3 17.4-14.9.7-5.4-1.1 6.1 14.4-91.3 4.6-22 14.3-19.7 29.3-19.7 71 0 126.4-28.8 142.9-112.3 6.5-34.8 4.6-71.4-23.8-92.6z\"\/><\/svg><\/div><\/span><\/div>\n\n\n\n<div class=\"wp-block-stackable-heading stk-block-heading stk-block-heading--v2 stk-block stk-f85a7f5\" id=\"strong-caracteristicas-del-plan-strong\" data-block-id=\"f85a7f5\"><style>.stk-f85a7f5 .stk-block-heading__text{font-size:14px !important;color:#ffffff !important;font-family:\"Libre Caslon Text\", Sans-serif !important;}@media screen and (max-width:999px){.stk-f85a7f5 .stk-block-heading__text{font-size:14px !important;}}<\/style><h4 class=\"stk-block-heading__text has-text-color\"><strong>Caracter\u00edsticas del Plan<\/strong><\/h4><\/div>\n<\/div><\/div>\n\n\n\n<div class=\"wp-block-stackable-text stk-block-text stk-block stk-121638a\" data-block-id=\"121638a\"><style>.stk-121638a .stk-block-text__text{font-size:12px !important;color:#ffffff !important;font-family:\"Libre Caslon Text\", Sans-serif !important;}@media screen and (max-width:999px){.stk-121638a .stk-block-text__text{font-size:12px !important;}}<\/style><p class=\"stk-block-text__text has-text-color has-text-align-left\"> *<strong>Entrada:<\/strong> 50% del valor del equipo.<br><br> *<strong>Plazo: <\/strong>Hasta 6 meses plazo para pagar el saldo restante.<br><br> *<strong>Nota: <\/strong>La aprobaci\u00f3n y condiciones finales dependen del monto total de la inversi\u00f3n y el an\u00e1lisis crediticio.<\/p><\/div>\n<\/div><\/div>\n<\/div><\/div><\/div>\n<\/div><\/div>\n\n\n\n<div class=\"wp-block-stackable-button-group stk-block-button-group stk-block stk-43d1aa1\" data-block-id=\"43d1aa1\"><style>.stk-43d1aa1 {margin-bottom:15px !important;}<\/style><div class=\"stk-row stk-inner-blocks has-text-align-center has-text-align-left-tablet stk-block-content stk-button-group\">\n<div class=\"wp-block-stackable-button stk-block-button stk-block stk-676ef42\" data-block-id=\"676ef42\"><style>.stk-676ef42 .stk-button{padding-top:15px !important;padding-right:30px !important;padding-bottom:15px !important;padding-left:30px !important;}.stk-676ef42 .stk-button:before{border-top-width:2px !important;border-right-width:2px !important;border-bottom-width:2px !important;border-left-width:2px !important;}.stk-676ef42 .stk-button__inner-text{font-size:12px !important;font-weight:700 !important;font-family:\"Libre Caslon Text\", Sans-serif !important;}@media screen and (max-width:999px){.stk-676ef42 .stk-button__inner-text{font-size:12px !important;}}<\/style><a class=\"stk-link stk-button stk--hover-effect-darken\" href=\"https:\/\/api.whatsapp.com\/send\/?phone=%2B593991831065&amp;text=Hola%2C+necesito+soporte&amp;type=phone_number&amp;app_absent=0\" target=\"_blank\" rel=\"noreferrer noopener\"><span class=\"has-palette-color-4-color stk-button__inner-text\"><mark style=\"background-color:rgba(0, 0, 0, 0)\" class=\"has-inline-color has-palette-color-8-color\">Cotizar<\/mark><\/span><\/a><\/div>\n<\/div><\/div>\n\n\n\n<p><\/p>\n","protected":false},"excerpt":{"rendered":"<p>Opciones de Pago y Financiamiento JP Digital Flexibilidad para tu Inversi\u00f3n Tecnol\u00f3gica En JP Digital entendemos que la liquidez es vital para el crecimiento de tu taller o industria. Por eso, hemos diversificado nuestras modalidades de cobro para adaptarnos a tu flujo de caja. Formas de Pago Aceptamos todas las formas de pago principales para [&hellip;]<\/p>\n","protected":false},"author":1,"featured_media":0,"parent":0,"menu_order":0,"comment_status":"closed","ping_status":"closed","template":"","meta":{"footnotes":""},"class_list":["post-3922","page","type-page","status-publish","hentry"],"blocksy_meta":[],"_links":{"self":[{"href":"https:\/\/jpdigital.com.ec\/index.php\/wp-json\/wp\/v2\/pages\/3922","targetHints":{"allow":["GET"]}}],"collection":[{"href":"https:\/\/jpdigital.com.ec\/index.php\/wp-json\/wp\/v2\/pages"}],"about":[{"href":"https:\/\/jpdigital.com.ec\/index.php\/wp-json\/wp\/v2\/types\/page"}],"author":[{"embeddable":true,"href":"https:\/\/jpdigital.com.ec\/index.php\/wp-json\/wp\/v2\/users\/1"}],"replies":[{"embeddable":true,"href":"https:\/\/jpdigital.com.ec\/index.php\/wp-json\/wp\/v2\/comments?post=3922"}],"version-history":[{"count":5,"href":"https:\/\/jpdigital.com.ec\/index.php\/wp-json\/wp\/v2\/pages\/3922\/revisions"}],"predecessor-version":[{"id":4551,"href":"https:\/\/jpdigital.com.ec\/index.php\/wp-json\/wp\/v2\/pages\/3922\/revisions\/4551"}],"wp:attachment":[{"href":"https:\/\/jpdigital.com.ec\/index.php\/wp-json\/wp\/v2\/media?parent=3922"}],"curies":[{"name":"wp","href":"https:\/\/api.w.org\/{rel}","templated":true}]}}