{"id":3926,"date":"2025-12-16T14:44:15","date_gmt":"2025-12-16T19:44:15","guid":{"rendered":"https:\/\/jpdigital.com.ec\/?page_id=3926"},"modified":"2026-01-19T10:25:55","modified_gmt":"2026-01-19T15:25:55","slug":"clientes-soporte","status":"publish","type":"page","link":"https:\/\/jpdigital.com.ec\/index.php\/clientes-soporte\/","title":{"rendered":"Clientes\/Soporte"},"content":{"rendered":"\n<div class=\"wp-block-stackable-spacer stk-block-spacer stk--no-padding stk-block stk-be36acf\" data-block-id=\"be36acf\"><style>.stk-be36acf {height:50px !important;}<\/style><\/div>\n\n\n\n<div class=\"wp-block-stackable-heading stk-block-heading stk-block-heading--v2 stk-block stk-382354b\" id=\"strong-span-style-color-0-f-0-e-17-class-stk-highlight-soporte-tecnico-especializado-en-sublimacion-textil-soluciones-para-pequeno-y-gran-formato-span-strong\" data-block-id=\"382354b\"><style>.stk-382354b .stk-block-heading__text{font-size:18px !important;color:#000000 !important;font-family:\"Libre Caslon Text\", Sans-serif !important;}@media screen and (max-width:999px){.stk-382354b .stk-block-heading__text{font-size:18px !important;}}<\/style><h2 class=\"stk-block-heading__text has-text-color has-text-align-center\"><strong><span style=\"color: #0f0e17;\" class=\"stk-highlight\">Soporte T\u00e9cnico Especializado en Sublimaci\u00f3n Textil: Soluciones para Peque\u00f1o y Gran Formato<\/span><\/strong><\/h2><\/div>\n\n\n\n<div class=\"wp-block-stackable-text stk-block-text stk-block stk-dcc9a9f\" data-block-id=\"dcc9a9f\"><style>.stk-dcc9a9f {margin-bottom:100px !important;}.stk-dcc9a9f .stk-block-text__text{font-size:12px !important;color:#0f0e17 !important;font-family:\"Libre Caslon Text\", Sans-serif !important;}@media screen and (max-width:999px){.stk-dcc9a9f .stk-block-text__text{font-size:12px !important;}}<\/style><p class=\"stk-block-text__text has-text-color\"><span style=\"color: #0f0e17;\" class=\"stk-highlight\">En<strong> JP Digital<\/strong>, el <strong>distribuidor autorizado de Epson en Ecuador<\/strong>, estamos listos para brindarte <strong>asesor\u00eda especializada, soporte t\u00e9cnico certificado y atenci\u00f3n comercial personalizada.<\/strong> Cont\u00e1ctanos para <strong>informaci\u00f3n sobre productos, insumos, impresoras, planchas, calandras,<\/strong> o para agendar d<strong>emostraciones y capacitaciones.<\/strong><\/span> Ofrecemos asistencia integral para cubrir todas las necesidades de tu taller textil: <strong>Mantenimiento Preventivo, Calibraci\u00f3n de Color, Configuraci\u00f3n de Software RIP <\/strong>y<strong> Suministro de Repuestos Originales.<\/strong><\/p><\/div>\n\n\n\n<div class=\"wp-block-stackable-columns stk-block-columns stk-block stk-25acfd9\" data-block-id=\"25acfd9\"><style>.stk-25acfd9 {margin-bottom:50px !important;}.stk-25acfd9-column{--stk-column-gap:50px !important;row-gap:50px !important;}<\/style><div class=\"stk-row stk-inner-blocks stk-block-content stk-content-align stk-25acfd9-column\">\n<div class=\"wp-block-stackable-column stk-block-column stk-column stk-block stk-290ec13\" data-v=\"4\" data-block-id=\"290ec13\"><style>.stk-290ec13-container{margin-top:0px !important;margin-right:0px !important;margin-bottom:0px !important;margin-left:0px !important;}.stk-290ec13 {align-self:flex-end !important;}@media screen and (min-width:690px) and (max-width:999px){.stk-290ec13 {flex:var(--stk-flex-grow, 1) 1 calc(100% - var(--stk-column-gap, 0px) * 0 \/ 1 ) !important;}}<\/style><div class=\"stk-column-wrapper stk-block-column__content stk-container stk-290ec13-container stk--no-background stk--no-padding\"><div class=\"stk-block-content stk-inner-blocks stk-290ec13-inner-blocks\">\n<div class=\"wp-block-stackable-heading stk-block-heading stk-block-heading--v2 stk-block stk-e0c4eb8\" id=\"br-strong-completa-el-formulario-y-te-contactaremos-de-inmediato-strong\" data-block-id=\"e0c4eb8\"><style>.stk-e0c4eb8 {margin-bottom:50px !important;}.stk-e0c4eb8 .stk-block-heading__text{font-size:16px !important;font-family:\"Libre Caslon Text\", Sans-serif !important;}@media screen and (max-width:999px){.stk-e0c4eb8 {margin-bottom:15px !important;}.stk-e0c4eb8 .stk-block-heading__text{font-size:30px !important;}}<\/style><h3 class=\"stk-block-heading__text stk-block-heading--use-theme-margins\"><br><strong>Completa el formulario y te contactaremos de inmediato<\/strong><\/h3><\/div>\n\n\n<div class=\"wpforms-container wpforms-block wpforms-block-9379ad44-8997-409e-b686-b1214361caf3 wpforms-render-modern\" id=\"wpforms-4594\"><form id=\"wpforms-form-4594\" class=\"wpforms-validate wpforms-form wpforms-ajax-form\" data-formid=\"4594\" method=\"post\" enctype=\"multipart\/form-data\" action=\"\/index.php\/wp-json\/wp\/v2\/pages\/3926\" data-token=\"7f1629cc5c2e3217f788ac35762ce612\" data-token-time=\"1778190985\"><noscript class=\"wpforms-error-noscript\">Por favor, activa JavaScript en tu navegador para completar este formulario.<\/noscript><div id=\"wpforms-error-noscript\" style=\"display: none;\">Por favor, activa JavaScript en tu navegador para completar este formulario.<\/div><div class=\"wpforms-field-container\"><div id=\"wpforms-4594-field_11-container\" class=\"wpforms-field wpforms-field-name\" data-field-id=\"11\"><label class=\"wpforms-field-label\" for=\"wpforms-4594-field_11\">Nombre Completo: <span class=\"wpforms-required-label\" aria-hidden=\"true\">*<\/span><\/label><input type=\"text\" id=\"wpforms-4594-field_11\" class=\"wpforms-field-medium wpforms-field-required\" name=\"wpforms[fields][11]\" aria-errormessage=\"wpforms-4594-field_11-error\" required><\/div><div id=\"wpforms-4594-field_2-container\" class=\"wpforms-field wpforms-field-text\" data-field-id=\"2\"><label class=\"wpforms-field-label\" for=\"wpforms-4594-field_2\">Nombre de tu Empresa o Negocio: <span class=\"wpforms-required-label\" aria-hidden=\"true\">*<\/span><\/label><input type=\"text\" id=\"wpforms-4594-field_2\" class=\"wpforms-field-medium wpforms-field-required\" name=\"wpforms[fields][2]\" aria-errormessage=\"wpforms-4594-field_2-error\" required><\/div><div id=\"wpforms-4594-field_3-container\" class=\"wpforms-field wpforms-field-text\" data-field-id=\"3\"><label class=\"wpforms-field-label\" for=\"wpforms-4594-field_3\">Modelo de Impresora: (Ej: Epson SureColor F-Series) <span class=\"wpforms-required-label\" aria-hidden=\"true\">*<\/span><\/label><input type=\"text\" id=\"wpforms-4594-field_3\" class=\"wpforms-field-medium wpforms-field-required\" name=\"wpforms[fields][3]\" aria-errormessage=\"wpforms-4594-field_3-error\" required><\/div><div id=\"wpforms-4594-field_9-container\" class=\"wpforms-field wpforms-field-select wpforms-field-select-style-classic\" data-field-id=\"9\"><label class=\"wpforms-field-label\" for=\"wpforms-4594-field_9\">Tipo de Formato: <span class=\"wpforms-required-label\" aria-hidden=\"true\">*<\/span><\/label><select id=\"wpforms-4594-field_9\" class=\"wpforms-field-medium wpforms-field-required\" name=\"wpforms[fields][9]\" required=\"required\"><option value=\"\" class=\"placeholder\" disabled  selected='selected'>&#8212; Selecciona la opci\u00f3n &#8212;<\/option><option value=\"Peque\u00f1o Formato\"  class=\"choice-1 depth-1\"  >Peque\u00f1o Formato<\/option><option value=\"Gran Formato\"  class=\"choice-2 depth-1\"  >Gran Formato<\/option><\/select><\/div>\t\t<div id=\"wpforms-4594-field_1-container\"\n\t\t\tclass=\"wpforms-field wpforms-field-text\"\n\t\t\tdata-field-type=\"text\"\n\t\t\tdata-field-id=\"1\"\n\t\t\t>\n\t\t\t<label class=\"wpforms-field-label\" for=\"wpforms-4594-field_1\" >de SureColor Epson<\/label>\n\t\t\t<input type=\"text\" id=\"wpforms-4594-field_1\" class=\"wpforms-field-medium\" name=\"wpforms[fields][1]\" >\n\t\t<\/div>\n\t\t<div id=\"wpforms-4594-field_7-container\" class=\"wpforms-field wpforms-field-email\" data-field-id=\"7\"><label class=\"wpforms-field-label\" for=\"wpforms-4594-field_7\">Email (opcional):<\/label><input type=\"email\" id=\"wpforms-4594-field_7\" class=\"wpforms-field-medium\" name=\"wpforms[fields][7]\" spellcheck=\"false\" aria-errormessage=\"wpforms-4594-field_7-error\" ><\/div><div id=\"wpforms-4594-field_10-container\" class=\"wpforms-field wpforms-field-textarea\" data-field-id=\"10\"><label class=\"wpforms-field-label\" for=\"wpforms-4594-field_10\">Descripci\u00f3n del Problema: <span class=\"wpforms-required-label\" aria-hidden=\"true\">*<\/span><\/label><textarea id=\"wpforms-4594-field_10\" class=\"wpforms-field-medium wpforms-field-required\" name=\"wpforms[fields][10]\" aria-errormessage=\"wpforms-4594-field_10-error\" required><\/textarea><\/div><div id=\"wpforms-4594-field_13-container\" class=\"wpforms-field wpforms-field-name\" data-field-id=\"13\"><label class=\"wpforms-field-label\" for=\"wpforms-4594-field_13\">Tel\u00e9fono de Contacto: <span class=\"wpforms-required-label\" aria-hidden=\"true\">*<\/span><\/label><input type=\"text\" id=\"wpforms-4594-field_13\" class=\"wpforms-field-medium wpforms-field-required\" name=\"wpforms[fields][13]\" aria-errormessage=\"wpforms-4594-field_13-error\" required><\/div><script>\n\t\t\t\t( function() {\n\t\t\t\t\tconst style = document.createElement( 'style' );\n\t\t\t\t\tstyle.appendChild( document.createTextNode( '#wpforms-4594-field_1-container { position: absolute !important; overflow: hidden !important; display: inline !important; height: 1px !important; width: 1px !important; z-index: -1000 !important; padding: 0 !important; } #wpforms-4594-field_1-container input { visibility: hidden; } #wpforms-conversational-form-page #wpforms-4594-field_1-container label { counter-increment: none; }' ) );\n\t\t\t\t\tdocument.head.appendChild( style );\n\t\t\t\t\tdocument.currentScript?.remove();\n\t\t\t\t} )();\n\t\t\t<\/script><\/div><!-- .wpforms-field-container --><div class=\"wpforms-submit-container\" ><input type=\"hidden\" name=\"wpforms[id]\" value=\"4594\"><input type=\"hidden\" name=\"page_title\" value=\"\"><input type=\"hidden\" name=\"page_url\" value=\"https:\/\/jpdigital.com.ec\/index.php\/wp-json\/wp\/v2\/pages\/3926\"><input type=\"hidden\" name=\"url_referer\" value=\"\"><button type=\"submit\" name=\"wpforms[submit]\" id=\"wpforms-submit-4594\" class=\"wpforms-submit\" data-alt-text=\"Enviando mensaje...\" data-submit-text=\"Enviar mensaje\" aria-live=\"assertive\" value=\"wpforms-submit\">Enviar mensaje<\/button><img decoding=\"async\" src=\"https:\/\/jpdigital.com.ec\/wp-content\/plugins\/wpforms-lite\/assets\/images\/submit-spin.svg\" class=\"wpforms-submit-spinner\" style=\"display: none;\" width=\"26\" height=\"26\" alt=\"Cargando\"><\/div><\/form><\/div>  <!-- .wpforms-container --><\/div><\/div><\/div>\n\n\n\n<div class=\"wp-block-stackable-column stk-block-column stk-column stk-block stk-4f39026\" data-v=\"4\" data-block-id=\"4f39026\"><style>.stk-4f39026-container{margin-top:0px !important;margin-right:0px !important;margin-bottom:0px !important;margin-left:0px !important;}.stk-4f39026 {align-self:center !important;padding-top:0px !important;padding-right:0px !important;padding-bottom:0px !important;padding-left:0px !important;overflow:visible !important;}.stk-4f39026 .stk-container{overflow:visible !important;}@media screen and (min-width:690px) and (max-width:999px){.stk-4f39026 {flex:var(--stk-flex-grow, 1) 1 calc(100% - var(--stk-column-gap, 0px) * 0 \/ 1 ) !important;}}@media screen and (max-width:999px){.stk-4f39026-container{max-width:400px !important;min-width:auto !important;margin-right:auto !important;margin-left:auto !important;}}<\/style><div class=\"stk-column-wrapper stk-block-column__content stk-container stk-4f39026-container stk--no-background stk--no-padding\"><div class=\"stk-block-content stk-inner-blocks stk-4f39026-inner-blocks\">\n<div class=\"wp-block-stackable-image stk-block-image stk-block stk-aab377d\" data-block-id=\"aab377d\"><style>.stk-aab377d {align-items:center !important;display:flex !important;}.stk-aab377d .stk-img-wrapper{width:100% !important;}@media screen and (max-width:999px){.stk-aab377d .stk-img-wrapper{width:100% !important;height:500px !important;}.stk-aab377d .stk-img-wrapper img{object-position:47% 1% !important;}}<\/style><figure><span class=\"stk-img-wrapper stk-image--shape-stretch\"><img fetchpriority=\"high\" decoding=\"async\" class=\"stk-img wp-image-4590\" src=\"https:\/\/jpdigital.com.ec\/wp-content\/uploads\/2026\/01\/soporte1.png\" width=\"560\" height=\"518\" srcset=\"https:\/\/jpdigital.com.ec\/wp-content\/uploads\/2026\/01\/soporte1.png 560w, https:\/\/jpdigital.com.ec\/wp-content\/uploads\/2026\/01\/soporte1-300x278.png 300w\" sizes=\"(max-width: 560px) 100vw, 560px\" \/><\/span><\/figure><\/div>\n<\/div><\/div><\/div>\n<\/div><\/div>\n\n\n\n<p><\/p>\n","protected":false},"excerpt":{"rendered":"<p>Soporte T\u00e9cnico Especializado en Sublimaci\u00f3n Textil: Soluciones para Peque\u00f1o y Gran Formato En JP Digital, el distribuidor autorizado de Epson en Ecuador, estamos listos para brindarte asesor\u00eda especializada, soporte t\u00e9cnico certificado y atenci\u00f3n comercial personalizada. Cont\u00e1ctanos para informaci\u00f3n sobre productos, insumos, impresoras, planchas, calandras, o para agendar demostraciones y capacitaciones. Ofrecemos asistencia integral para cubrir [&hellip;]<\/p>\n","protected":false},"author":1,"featured_media":0,"parent":0,"menu_order":0,"comment_status":"closed","ping_status":"closed","template":"","meta":{"footnotes":""},"class_list":["post-3926","page","type-page","status-publish","hentry"],"blocksy_meta":[],"_links":{"self":[{"href":"https:\/\/jpdigital.com.ec\/index.php\/wp-json\/wp\/v2\/pages\/3926","targetHints":{"allow":["GET"]}}],"collection":[{"href":"https:\/\/jpdigital.com.ec\/index.php\/wp-json\/wp\/v2\/pages"}],"about":[{"href":"https:\/\/jpdigital.com.ec\/index.php\/wp-json\/wp\/v2\/types\/page"}],"author":[{"embeddable":true,"href":"https:\/\/jpdigital.com.ec\/index.php\/wp-json\/wp\/v2\/users\/1"}],"replies":[{"embeddable":true,"href":"https:\/\/jpdigital.com.ec\/index.php\/wp-json\/wp\/v2\/comments?post=3926"}],"version-history":[{"count":5,"href":"https:\/\/jpdigital.com.ec\/index.php\/wp-json\/wp\/v2\/pages\/3926\/revisions"}],"predecessor-version":[{"id":4597,"href":"https:\/\/jpdigital.com.ec\/index.php\/wp-json\/wp\/v2\/pages\/3926\/revisions\/4597"}],"wp:attachment":[{"href":"https:\/\/jpdigital.com.ec\/index.php\/wp-json\/wp\/v2\/media?parent=3926"}],"curies":[{"name":"wp","href":"https:\/\/api.w.org\/{rel}","templated":true}]}}